{"id":39946,"date":"2026-04-20T13:15:16","date_gmt":"2026-04-20T13:15:16","guid":{"rendered":"https:\/\/www.damac.it\/bez-kategorii\/fiat-hitachi-fh200e\/"},"modified":"2026-04-20T13:35:11","modified_gmt":"2026-04-20T13:35:11","slug":"fiat-hitachi-fh200e","status":"publish","type":"product","link":"https:\/\/www.damac.it\/pl\/koparki-gasienicowe\/fiat-hitachi-fh200e-anguillara-sabazia\/","title":{"rendered":"FIAT HITACHI FH200E"},"content":{"rendered":"\n<p><a href=\"https:\/\/www.damac.it\/pl\/koparki-gasienicowe\/\">Koparka g\u0105sienicowa<\/a> <strong>FIAT HITACHI FH200E<\/strong> to niezawodne rozwi\u0105zanie do rob\u00f3t ziemnych, wykop\u00f3w i prac na placach budowy. Dzi\u0119ki <strong>masie eksploatacyjnej 19 000 kg<\/strong> i solidnej konstrukcji maszyna ta gwarantuje stabilno\u015b\u0107 i sta\u0142\u0105 wydajno\u015b\u0107 nawet w trudnym terenie. <strong>Silnik Fiat 8065 T o mocy 125 KM<\/strong> zapewnia odpowiedni\u0105 moc robocz\u0105, idealn\u0105 do intensywnych cykli pracy w spos\u00f3b ci\u0105g\u0142y i bezpieczny.  <\/p>\n\n<p>Wyposa\u017cony w <strong>nap\u0119d hydrostatyczny<\/strong> model FH200E oferuje p\u0142ynne sterowanie i precyzyjn\u0105 reakcj\u0119 na polecenia, co zwi\u0119ksza codzienn\u0105 wydajno\u015b\u0107. <strong>Wysi\u0119gnik monolityczny<\/strong> oraz <strong>instalacja do m\u0142ota<\/strong> sprawiaj\u0105, \u017ce maszyna jest wszechstronna, idealna zar\u00f3wno do tradycyjnych wykop\u00f3w, jak i lekkich prac wyburzeniowych. <strong>Stalowe g\u0105sienice w stanie 80%<\/strong> gwarantuj\u0105 przyczepno\u015b\u0107 i trwa\u0142o\u015b\u0107, obni\u017caj\u0105c koszty konserwacji.  <\/p>\n\n<p><strong>Zamkni\u0119ta kabina<\/strong> pozwala operatorowi pracowa\u0107 komfortowo i bezpiecznie, nawet w trudnych warunkach otoczenia. Maj\u0105c zaledwie <strong>4017 motogodzin<\/strong>, ta u\u017cywana koparka stanowi atrakcyjny wyb\u00f3r dla os\u00f3b szukaj\u0105cych solidnej maszyny, gotowej do natychmiastowej pracy i o doskona\u0142ym stosunku jako\u015bci do ceny. Dost\u0119pna w <strong>Anguillara Sabazia<\/strong>, jest gotowa do do\u0142\u0105czenia do Pa\u0144stwa parku maszynowego.  <\/p>\n\n<div class=\"wp-block-webfactory-map\"><div class=\"wp-block-webfactory-map\"><iframe title=\"Mapa\" width=\"100%\" height=\"380px\" src=\"https:\/\/www.google.com\/maps\/embed\/v1\/place?q=anguillara%20sabazia&amp;maptype=roadmap&amp;zoom=7&amp;key=AIzaSyCbpj9Ji_jwudUhfVpTXiPB79zpZZSDW8c\" frameborder=\"0\"><\/iframe><\/div><\/div>\n","protected":false},"excerpt":{"rendered":"<p data-start=\"1357\" data-end=\"1570\">Koparka g\u0105sienicowa FIAT HITACHI FH200E o masie 19 ton, wydajna i niezawodna, z instalacj\u0105 m\u0142ota i g\u0105sienicami w doskona\u0142ym stanie. Idealna do wykop\u00f3w i ci\u0119\u017ckich prac, dost\u0119pna od zaraz. <\/p>\n<p data-start=\"1572\" data-end=\"1579\">\n","protected":false},"featured_media":39971,"template":"","meta":{"_acf_changed":false},"ubicazione_acf":[],"product_brand":[639],"product_cat":[435],"false":[749],"proprietario":[],"class_list":{"0":"post-39946","1":"product","2":"type-product","3":"status-publish","4":"has-post-thumbnail","6":"product_brand-fiat-hitachi","7":"product_cat-koparki-gasienicowe","8":"product_tag-pl","9":"pa_brand-fiat-hitachi","11":"first","12":"instock","13":"sold-individually","14":"shipping-taxable","15":"product-type-simple"},"acf":[],"_links":{"self":[{"href":"https:\/\/www.damac.it\/pl\/wp-json\/wp\/v2\/product\/39946","targetHints":{"allow":["GET"]}}],"collection":[{"href":"https:\/\/www.damac.it\/pl\/wp-json\/wp\/v2\/product"}],"about":[{"href":"https:\/\/www.damac.it\/pl\/wp-json\/wp\/v2\/types\/product"}],"wp:featuredmedia":[{"embeddable":true,"href":"https:\/\/www.damac.it\/pl\/wp-json\/wp\/v2\/media\/39971"}],"wp:attachment":[{"href":"https:\/\/www.damac.it\/pl\/wp-json\/wp\/v2\/media?parent=39946"}],"wp:term":[{"taxonomy":"ubicazione_acf","embeddable":true,"href":"https:\/\/www.damac.it\/pl\/wp-json\/wp\/v2\/ubicazione_acf?post=39946"},{"taxonomy":"product_brand","embeddable":true,"href":"https:\/\/www.damac.it\/pl\/wp-json\/wp\/v2\/product_brand?post=39946"},{"taxonomy":"product_cat","embeddable":true,"href":"https:\/\/www.damac.it\/pl\/wp-json\/wp\/v2\/product_cat?post=39946"},{"taxonomy":"product_tag","embeddable":true,"href":"https:\/\/www.damac.it\/pl\/wp-json\/wp\/v2\/false?post=39946"},{"taxonomy":"proprietario","embeddable":true,"href":"https:\/\/www.damac.it\/pl\/wp-json\/wp\/v2\/proprietario?post=39946"}],"curies":[{"name":"wp","href":"https:\/\/api.w.org\/{rel}","templated":true}]}}