{"id":40413,"date":"2026-04-23T06:48:52","date_gmt":"2026-04-23T06:48:52","guid":{"rendered":"https:\/\/www.damac.it\/bez-kategorii\/merlo-p40-9\/"},"modified":"2026-04-23T06:59:53","modified_gmt":"2026-04-23T06:59:53","slug":"merlo-p40-9","status":"publish","type":"product","link":"https:\/\/www.damac.it\/pl\/ladowarka-teleskopowa\/merlo-p40-9-anguillara-sabazia\/","title":{"rendered":"MERLO P40.9"},"content":{"rendered":"\n<p><strong>Merlo P40.9 z 2010 roku<\/strong> to idealne rozwi\u0105zanie dla os\u00f3b szukaj\u0105cych niezawodnej, mocnej i gotowej do pracy \u0142adowarki teleskopowej. Maj\u0105c zaledwie <strong>1113 motogodzin<\/strong>, maszyna ta wyr\u00f3\u017cnia si\u0119 doskona\u0142ym stanem og\u00f3lnym oraz zdolno\u015bci\u0105 do wydajnej pracy na budowie, w rolnictwie i logistyce. <strong>Maksymalny ud\u017awig 4000 kg<\/strong> oraz <strong>wysoko\u015b\u0107 podnoszenia do 9 metr\u00f3w<\/strong> pozwalaj\u0105 na bezpieczn\u0105 obs\u0142ug\u0119 du\u017cych \u0142adunk\u00f3w, nawet w trudnych warunkach operacyjnych.  <\/p>\n\n<p>Dzi\u0119ki silnikowi <strong>Perkins 1104D-44T o mocy 61 kW<\/strong>, Merlo P40.9 gwarantuje sta\u0142e osi\u0105gi i niskie zu\u017cycie paliwa, zapewniaj\u0105c produktywno\u015b\u0107 i ci\u0105g\u0142o\u015b\u0107 pracy. <strong>Zamkni\u0119ta kabina ze standardami ROPS i FOPS<\/strong> oferuje operatorowi komfort i ochron\u0119, dzi\u0119ki czemu maszyna nadaje si\u0119 do d\u0142ugotrwa\u0142ej pracy w trudnych warunkach. Kompaktowe podwozie i sta\u0142a wie\u017cyczka zapewniaj\u0105 stabilno\u015b\u0107 oraz precyzj\u0119 ruch\u00f3w.  <\/p>\n\n<p>Dotato di\u00a0<strong>forche e <a href=\"https:\/\/www.damac.it\/pl\/akcesoria\/\">benna<\/a> standard<\/strong>, questo sollevatore telescopico \u00e8 estremamente versatile e pronto per diverse applicazioni. Nonostante i pneumatici al 20%, la macchina \u00e8 immediatamente operativa e rappresenta un\u2019ottima opportunit\u00e0 per chi cerca un mezzo performante ad un prezzo competitivo. Disponibile ad Anguillara Sabazia, \u00e8 completo di documenti e pronto all\u2019impiego.<\/p>\n\n<div class=\"wp-block-webfactory-map\"><div class=\"wp-block-webfactory-map\"><iframe title=\"Mapa\" width=\"100%\" height=\"380px\" src=\"https:\/\/www.google.com\/maps\/embed\/v1\/place?q=anguillara%20sabazia&amp;maptype=roadmap&amp;zoom=7&amp;key=AIzaSyCbpj9Ji_jwudUhfVpTXiPB79zpZZSDW8c\" frameborder=\"0\"><\/iframe><\/div><\/div>\n","protected":false},"excerpt":{"rendered":"<p>U\u017cywana \u0142adowarka teleskopowa Merlo P40.9 z 2010 roku, 1113 mth, ud\u017awig 4000 kg i wysoko\u015b\u0107 podnoszenia 9 m. Niezawodna maszyna z zamkni\u0119t\u0105 kabin\u0105 i osprz\u0119tem w zestawie. Idealna na place budowy i do prze\u0142adunku materia\u0142\u00f3w.   Dost\u0119pne w Anguillara Sabazia.<\/p>\n","protected":false},"featured_media":40415,"template":"","meta":{"_acf_changed":false},"ubicazione_acf":[],"product_brand":[946],"product_cat":[947],"false":[749],"proprietario":[],"class_list":{"0":"post-40413","1":"product","2":"type-product","3":"status-publish","4":"has-post-thumbnail","6":"product_brand-merlo","7":"product_cat-ladowarka-teleskopowa","8":"product_tag-pl","9":"pa_brand-merlo","11":"first","12":"instock","13":"sold-individually","14":"shipping-taxable","15":"purchasable","16":"product-type-simple"},"acf":[],"_links":{"self":[{"href":"https:\/\/www.damac.it\/pl\/wp-json\/wp\/v2\/product\/40413","targetHints":{"allow":["GET"]}}],"collection":[{"href":"https:\/\/www.damac.it\/pl\/wp-json\/wp\/v2\/product"}],"about":[{"href":"https:\/\/www.damac.it\/pl\/wp-json\/wp\/v2\/types\/product"}],"wp:featuredmedia":[{"embeddable":true,"href":"https:\/\/www.damac.it\/pl\/wp-json\/wp\/v2\/media\/40415"}],"wp:attachment":[{"href":"https:\/\/www.damac.it\/pl\/wp-json\/wp\/v2\/media?parent=40413"}],"wp:term":[{"taxonomy":"ubicazione_acf","embeddable":true,"href":"https:\/\/www.damac.it\/pl\/wp-json\/wp\/v2\/ubicazione_acf?post=40413"},{"taxonomy":"product_brand","embeddable":true,"href":"https:\/\/www.damac.it\/pl\/wp-json\/wp\/v2\/product_brand?post=40413"},{"taxonomy":"product_cat","embeddable":true,"href":"https:\/\/www.damac.it\/pl\/wp-json\/wp\/v2\/product_cat?post=40413"},{"taxonomy":"product_tag","embeddable":true,"href":"https:\/\/www.damac.it\/pl\/wp-json\/wp\/v2\/false?post=40413"},{"taxonomy":"proprietario","embeddable":true,"href":"https:\/\/www.damac.it\/pl\/wp-json\/wp\/v2\/proprietario?post=40413"}],"curies":[{"name":"wp","href":"https:\/\/api.w.org\/{rel}","templated":true}]}}