{"id":40586,"date":"2026-04-23T07:04:22","date_gmt":"2026-04-23T07:04:22","guid":{"rendered":"https:\/\/www.damac.it\/bez-kategorii\/wacker-neuson-1501s\/"},"modified":"2026-04-23T07:12:03","modified_gmt":"2026-04-23T07:12:03","slug":"wacker-neuson-1501s","status":"publish","type":"product","link":"https:\/\/www.damac.it\/pl\/wozidlo\/wacker-neuson-1501s-rzym\/","title":{"rendered":"Wacker Neuson 1501S"},"content":{"rendered":"\n<p>Il\u00a0<strong>Wacker Neuson 1501S\u00a0del 2024<\/strong>\u00a0\u00e8 un <a href=\"https:\/\/www.damac.it\/pl\/wozidlo\/\">dumper<\/a> compatto di ultima generazione, ideale per chi cerca una macchina praticamente nuova e pronta all\u2019uso. Con sole\u00a0<strong>7 ore di lavoro<\/strong>, rappresenta un\u2019opportunit\u00e0 unica per ottenere prestazioni elevate con l\u2019affidabilit\u00e0 di un mezzo quasi inutilizzato. Grazie alla\u00a0<strong>portata utile di 1500 kg<\/strong>\u00a0e al sistema\u00a0<strong>ribaltabile rotativo<\/strong>, consente operazioni rapide ed efficienti anche in spazi ristretti.<\/p>\n\n<p>Wyposa\u017cone w <strong>sta\u0142y nap\u0119d na cztery ko\u0142a (AWD)<\/strong> oraz przegubowe podwozie, gwarantuje maksymaln\u0105 stabilno\u015b\u0107 i manewrowo\u015b\u0107 w ka\u017cdym terenie, nawet na najtrudniejszych placach budowy. Silnik tego Wacker Neuson 1501S to <strong>Yanmar 3TNV76 o mocy 25,7 KM<\/strong>, kt\u00f3ry zapewnia doskona\u0142e osi\u0105gi przy niskim zu\u017cyciu paliwa, natomiast <strong>przek\u0142adnia hydrostatyczna<\/strong> pozwala na p\u0142ynn\u0105 i precyzyjn\u0105 jazd\u0119, zwi\u0119kszaj\u0105c codzienn\u0105 produktywno\u015b\u0107. <\/p>\n\n<p><strong>Opony 100%<\/strong> i kompaktowa konstrukcja sprawiaj\u0105, \u017ce wozid\u0142o to jest idealne do prac budowlanych, konserwacji miejskiej i transportu materia\u0142\u00f3w. Jako\u015b\u0107 wykonania Wacker Neuson gwarantuje trwa\u0142o\u015b\u0107 i niskie koszty eksploatacji. Maszyna dost\u0119pna w Rzymie, posiada certyfikat CE i jest idealnym wyborem dla os\u00f3b potrzebuj\u0105cych wydajnego, nowoczesnego i natychmiast gotowego do pracy sprz\u0119tu.  <\/p>\n","protected":false},"excerpt":{"rendered":"<p>Wacker Neuson 1501S z 2024 r. z przebiegiem tylko 7 h. Wozid\u0142o kompaktowe o \u0142adowno\u015bci 1500 kg, z wywrotem obrotowym i nap\u0119dem na wszystkie ko\u0142a. Maszyna jak nowa, idealna na place budowy i do prac miejskich.   Dost\u0119pne w Rzymie.<\/p>\n","protected":false},"featured_media":40588,"template":"","meta":{"_acf_changed":false},"ubicazione_acf":[],"product_brand":[676],"product_cat":[917],"false":[749],"proprietario":[],"class_list":{"0":"post-40586","1":"product","2":"type-product","3":"status-publish","4":"has-post-thumbnail","6":"product_brand-wacker-neuson","7":"product_cat-wozidlo","8":"product_tag-pl","9":"pa_brand-wacker-neuson","11":"first","12":"instock","13":"sold-individually","14":"shipping-taxable","15":"product-type-simple"},"acf":[],"_links":{"self":[{"href":"https:\/\/www.damac.it\/pl\/wp-json\/wp\/v2\/product\/40586","targetHints":{"allow":["GET"]}}],"collection":[{"href":"https:\/\/www.damac.it\/pl\/wp-json\/wp\/v2\/product"}],"about":[{"href":"https:\/\/www.damac.it\/pl\/wp-json\/wp\/v2\/types\/product"}],"wp:featuredmedia":[{"embeddable":true,"href":"https:\/\/www.damac.it\/pl\/wp-json\/wp\/v2\/media\/40588"}],"wp:attachment":[{"href":"https:\/\/www.damac.it\/pl\/wp-json\/wp\/v2\/media?parent=40586"}],"wp:term":[{"taxonomy":"ubicazione_acf","embeddable":true,"href":"https:\/\/www.damac.it\/pl\/wp-json\/wp\/v2\/ubicazione_acf?post=40586"},{"taxonomy":"product_brand","embeddable":true,"href":"https:\/\/www.damac.it\/pl\/wp-json\/wp\/v2\/product_brand?post=40586"},{"taxonomy":"product_cat","embeddable":true,"href":"https:\/\/www.damac.it\/pl\/wp-json\/wp\/v2\/product_cat?post=40586"},{"taxonomy":"product_tag","embeddable":true,"href":"https:\/\/www.damac.it\/pl\/wp-json\/wp\/v2\/false?post=40586"},{"taxonomy":"proprietario","embeddable":true,"href":"https:\/\/www.damac.it\/pl\/wp-json\/wp\/v2\/proprietario?post=40586"}],"curies":[{"name":"wp","href":"https:\/\/api.w.org\/{rel}","templated":true}]}}