{"id":41048,"date":"2026-04-28T12:15:15","date_gmt":"2026-04-28T12:15:15","guid":{"rendered":"https:\/\/www.damac.it\/bez-kategorii\/merlo-p34-10\/"},"modified":"2026-04-28T12:24:50","modified_gmt":"2026-04-28T12:24:50","slug":"merlo-p34-10","status":"publish","type":"product","link":"https:\/\/www.damac.it\/pl\/ladowarka-teleskopowa\/merlo-p34-10-anguillara-sabazia\/","title":{"rendered":"MERLO P34.10"},"content":{"rendered":"\n<p><strong>Merlo P34.10 z 2010 roku<\/strong> to wszechstronna i niezawodna \u0142adowarka teleskopowa, idealna na place budowy, do prac rolniczych oraz prze\u0142adunku materia\u0142\u00f3w. Z zaledwie <strong>1113 motogodzinami<\/strong>, maszyna ta stanowi doskona\u0142\u0105 okazj\u0119 dla os\u00f3b szukaj\u0105cych wysokiej wydajno\u015bci przy ograniczonych nak\u0142adach. <strong>Maksymalny ud\u017awig 3 400 kg<\/strong> oraz <strong>wysoko\u015b\u0107 podnoszenia do 10 metr\u00f3w<\/strong> pozwalaj\u0105 na efektywn\u0105 prac\u0119 nawet w trudnych warunkach i na wysoko\u015bciach.  <\/p>\n\n<p>Dzi\u0119ki zwartej konstrukcji i solidnemu podwoziu Merlo P34.10 gwarantuje stabilno\u015b\u0107 i precyzj\u0119 podczas pracy. <strong>Zamkni\u0119ta kabina zgodna ze standardami ROPS i FOPS<\/strong> zapewnia operatorowi ochron\u0119 i komfort, dzi\u0119ki czemu maszyna nadaje si\u0119 do intensywnego u\u017cytkowania. Rami\u0119 teleskopowe o <strong>wysi\u0119gu poziomym 6,3 metra<\/strong> oferuje du\u017c\u0105 elastyczno\u015b\u0107 operacyjn\u0105, u\u0142atwiaj\u0105c pozycjonowanie \u0142adunk\u00f3w.  <\/p>\n\n<p>Completo di\u00a0<strong>forche e <a href=\"https:\/\/www.damac.it\/pl\/akcesoria\/\">benna<\/a><\/strong>, questo sollevatore \u00e8 pronto per diverse applicazioni, dalla movimentazione pallet ai lavori di carico. Nonostante gli pneumatici al 20%, la macchina \u00e8 funzionante e subito operativa. Disponibile ad Anguillara Sabazia, con documentazione completa, rappresenta una soluzione concreta per chi cerca un mezzo affidabile, versatile e pronto all\u2019uso.<\/p>\n\n<p><\/p>\n","protected":false},"excerpt":{"rendered":"<p>Merlo P34.10 z 2010 roku z 1113 motogodzinami, ud\u017awig 3400 kg i wysoko\u015b\u0107 podnoszenia 10 m. Niezawodny \u0142adowacz teleskopowy, kompletny z wid\u0142ami i \u0142y\u017ck\u0105. Idealny na place budowy i do przemieszczania materia\u0142\u00f3w.   Dost\u0119pne w Anguillara Sabazia.<\/p>\n","protected":false},"featured_media":40415,"template":"","meta":{"_acf_changed":false},"ubicazione_acf":[],"product_brand":[946],"product_cat":[947],"false":[749],"proprietario":[],"class_list":{"0":"post-41048","1":"product","2":"type-product","3":"status-publish","4":"has-post-thumbnail","6":"product_brand-merlo","7":"product_cat-ladowarka-teleskopowa","8":"product_tag-pl","9":"pa_brand-merlo","11":"first","12":"instock","13":"sold-individually","14":"shipping-taxable","15":"purchasable","16":"product-type-simple"},"acf":[],"_links":{"self":[{"href":"https:\/\/www.damac.it\/pl\/wp-json\/wp\/v2\/product\/41048","targetHints":{"allow":["GET"]}}],"collection":[{"href":"https:\/\/www.damac.it\/pl\/wp-json\/wp\/v2\/product"}],"about":[{"href":"https:\/\/www.damac.it\/pl\/wp-json\/wp\/v2\/types\/product"}],"wp:featuredmedia":[{"embeddable":true,"href":"https:\/\/www.damac.it\/pl\/wp-json\/wp\/v2\/media\/40415"}],"wp:attachment":[{"href":"https:\/\/www.damac.it\/pl\/wp-json\/wp\/v2\/media?parent=41048"}],"wp:term":[{"taxonomy":"ubicazione_acf","embeddable":true,"href":"https:\/\/www.damac.it\/pl\/wp-json\/wp\/v2\/ubicazione_acf?post=41048"},{"taxonomy":"product_brand","embeddable":true,"href":"https:\/\/www.damac.it\/pl\/wp-json\/wp\/v2\/product_brand?post=41048"},{"taxonomy":"product_cat","embeddable":true,"href":"https:\/\/www.damac.it\/pl\/wp-json\/wp\/v2\/product_cat?post=41048"},{"taxonomy":"product_tag","embeddable":true,"href":"https:\/\/www.damac.it\/pl\/wp-json\/wp\/v2\/false?post=41048"},{"taxonomy":"proprietario","embeddable":true,"href":"https:\/\/www.damac.it\/pl\/wp-json\/wp\/v2\/proprietario?post=41048"}],"curies":[{"name":"wp","href":"https:\/\/api.w.org\/{rel}","templated":true}]}}