{"id":41426,"date":"2026-04-29T15:42:07","date_gmt":"2026-04-29T15:42:07","guid":{"rendered":"https:\/\/www.damac.it\/bez-kategorii\/malhotra-12-16-5\/"},"modified":"2026-04-29T15:54:19","modified_gmt":"2026-04-29T15:54:19","slug":"malhotra-12-16-5","status":"publish","type":"product","link":"https:\/\/www.damac.it\/pl\/opony\/malhotra-12-16-5-foggia\/","title":{"rendered":"MALHOTRA 12-16.5"},"content":{"rendered":"\n<p><strong>Malhotra 12-16.5 ML2-482 HULK<\/strong> to profesjonalna opona zaprojektowana w celu zapewnienia <strong>maksymalnej wytrzyma\u0142o\u015bci, trakcji i trwa\u0142o\u015bci<\/strong> w najbardziej wymagaj\u0105cych zastosowaniach. Nowa i w <strong>100%<\/strong> stanie, stanowi idealne rozwi\u0105zanie dla u\u017cytkownik\u00f3w mini\u0142adowarek na placach budowy, w pracach rolniczych lub przy przemieszczaniu materia\u0142\u00f3w. Konstrukcja <strong>diagonalna (bias)<\/strong> z karkasem wzmocnionym <strong>14PR<\/strong> zapewnia wysok\u0105 odporno\u015b\u0107 na uderzenia, przeci\u0119cia i ci\u0105g\u0142e obci\u0105\u017cenia.  <\/p>\n\n<p>Bie\u017cnik z <strong>g\u0142\u0119bokimi blokami<\/strong> zosta\u0142 zaprojektowany w celu zapewnienia <strong>optymalnej przyczepno\u015bci na trudnych terenach<\/strong>, takich jak \u017cwir, b\u0142oto lub nier\u00f3wne powierzchnie, poprawiaj\u0105c stabilno\u015b\u0107 i bezpiecze\u0144stwo operacyjne. Dzi\u0119ki konfiguracji <strong>tubeless<\/strong> opona ta zmniejsza ryzyko nag\u0142ych przebi\u0107 i u\u0142atwia konserwacj\u0119, gwarantuj\u0105c wi\u0119ksz\u0105 ci\u0105g\u0142o\u015b\u0107 pracy. <\/p>\n\n<p>Z indeksem no\u015bno\u015bci <strong>148\/140<\/strong> i ci\u015bnieniem roboczym <strong>6,2 bar<\/strong>, Malhotra 12-16.5 ML2-482 HULK zosta\u0142 zaprojektowany do przenoszenia du\u017cych obci\u0105\u017ce\u0144 przy zachowaniu sta\u0142ych osi\u0105g\u00f3w. Idealny do mini\u0142adowarek wykorzystywanych w budownictwie i pracach intensywnych, stanowi niezawodn\u0105 inwestycj\u0119 zwi\u0119kszaj\u0105c\u0105 produktywno\u015b\u0107 i efektywno\u015b\u0107. <\/p>\n\n<p>Dost\u0119pna w Foggia, z wysy\u0142k\u0105 w cenie na terenie ca\u0142ych W\u0142och, to idealny wyb\u00f3r dla os\u00f3b poszukuj\u0105cych nowych, wydajnych opon gotowych do u\u017cycia.<\/p>\n","protected":false},"excerpt":{"rendered":"<p>Opona Malhotra 12-16.5 nowa w 100%, idealna do mini\u0142adowarek. Wzmocniona konstrukcja, bie\u017cnik blokowy i doskona\u0142a przyczepno\u015b\u0107 na trudnych terenach. Wytrzyma\u0142a i niezawodna do intensywnych prac. Dost\u0119pna w Foggia z wysy\u0142k\u0105 w cenie.   <\/p>\n","protected":false},"featured_media":41428,"template":"","meta":{"_acf_changed":false},"ubicazione_acf":[],"product_brand":[1050],"product_cat":[1051],"false":[749],"proprietario":[],"class_list":{"0":"post-41426","1":"product","2":"type-product","3":"status-publish","4":"has-post-thumbnail","6":"product_brand-malhotra","7":"product_cat-opony","8":"product_tag-pl","9":"pa_brand-malhotra","11":"first","12":"instock","13":"sold-individually","14":"shipping-taxable","15":"purchasable","16":"product-type-simple"},"acf":[],"_links":{"self":[{"href":"https:\/\/www.damac.it\/pl\/wp-json\/wp\/v2\/product\/41426","targetHints":{"allow":["GET"]}}],"collection":[{"href":"https:\/\/www.damac.it\/pl\/wp-json\/wp\/v2\/product"}],"about":[{"href":"https:\/\/www.damac.it\/pl\/wp-json\/wp\/v2\/types\/product"}],"wp:featuredmedia":[{"embeddable":true,"href":"https:\/\/www.damac.it\/pl\/wp-json\/wp\/v2\/media\/41428"}],"wp:attachment":[{"href":"https:\/\/www.damac.it\/pl\/wp-json\/wp\/v2\/media?parent=41426"}],"wp:term":[{"taxonomy":"ubicazione_acf","embeddable":true,"href":"https:\/\/www.damac.it\/pl\/wp-json\/wp\/v2\/ubicazione_acf?post=41426"},{"taxonomy":"product_brand","embeddable":true,"href":"https:\/\/www.damac.it\/pl\/wp-json\/wp\/v2\/product_brand?post=41426"},{"taxonomy":"product_cat","embeddable":true,"href":"https:\/\/www.damac.it\/pl\/wp-json\/wp\/v2\/product_cat?post=41426"},{"taxonomy":"product_tag","embeddable":true,"href":"https:\/\/www.damac.it\/pl\/wp-json\/wp\/v2\/false?post=41426"},{"taxonomy":"proprietario","embeddable":true,"href":"https:\/\/www.damac.it\/pl\/wp-json\/wp\/v2\/proprietario?post=41426"}],"curies":[{"name":"wp","href":"https:\/\/api.w.org\/{rel}","templated":true}]}}