{"id":41550,"date":"2026-04-29T15:58:42","date_gmt":"2026-04-29T15:58:42","guid":{"rendered":"https:\/\/www.damac.it\/bez-kategorii\/malhotra-10-16-5\/"},"modified":"2026-04-29T16:06:17","modified_gmt":"2026-04-29T16:06:17","slug":"malhotra-10-16-5","status":"publish","type":"product","link":"https:\/\/www.damac.it\/pl\/opony\/malhotra-10-16-5-foggia\/","title":{"rendered":"MALHOTRA 10-16.5"},"content":{"rendered":"\n<p>Il\u00a0<strong>Malhotra 10-16.5 ML2-482 HULK<\/strong>\u00a0\u00e8 uno pneumatico professionale progettato per garantire\u00a0<strong>massima resistenza, trazione e affidabilit\u00e0<\/strong>\u00a0nelle applicazioni pi\u00f9 impegnative. Nuovo e con condizioni al\u00a0<strong>100%<\/strong>, \u00e8 la scelta ideale per <a href=\"https:\/\/www.damac.it\/minipale\/\">minipale<\/a> utilizzate in edilizia, agricoltura e movimentazione materiali. La struttura\u00a0<strong>diagonale (bias)<\/strong>\u00a0con carcassa rinforzata da\u00a0<strong>12PR<\/strong>\u00a0assicura robustezza e durata nel tempo, anche su terreni difficili e in presenza di carichi elevati.<\/p>\n\n<p>Bie\u017cnik z <strong>g\u0142\u0119bokimi blokami<\/strong> zosta\u0142 opracowany, aby oferowa\u0107 <strong>optymaln\u0105 przyczepno\u015b\u0107 i stabilno\u015b\u0107<\/strong>, poprawiaj\u0105c bezpiecze\u0144stwo pracy na nier\u00f3wnych nawierzchniach, takich jak \u017cwir, ziemia i b\u0142oto. Konfiguracja <strong>bezd\u0119tkowa (tubeless)<\/strong> zmniejsza ryzyko nag\u0142ego przebicia i upraszcza konserwacj\u0119, gwarantuj\u0105c ci\u0105g\u0142o\u015b\u0107 pracy i kr\u00f3tsze przestoje maszyny. <\/p>\n\n<p>Dzi\u0119ki indeksowi no\u015bno\u015bci <strong>138\/130<\/strong> i ci\u015bnieniu roboczemu <strong>6,2 bar<\/strong>, opona ta jest zaprojektowana do intensywnego u\u017cytkowania przy zachowaniu sta\u0142ych osi\u0105g\u00f3w. Idealna dla os\u00f3b szukaj\u0105cych niezawodnego i wydajnego produktu, Malhotra 10-16.5 ML2-482 HULK to inteligentna inwestycja w popraw\u0119 produktywno\u015bci i wydajno\u015bci. <\/p>\n\n<p>Dost\u0119pna w Foggii z wysy\u0142k\u0105 w cenie na terenie ca\u0142ych W\u0142och, jest gotowa do natychmiastowego monta\u017cu i u\u017cycia.<\/p>\n","protected":false},"excerpt":{"rendered":"<p>Opona Malhotra 10-16.5, 100% nowa, idealna do \u0142adowarek o sterowaniu burtowym. Wzmocniona konstrukcja 12PR, doskona\u0142a trakcja i odporno\u015b\u0107 w trudnym terenie. Niezawodna i gotowa do u\u017cycia, wysy\u0142ka w cenie.   Dost\u0119pne w miejscowo\u015bci Foggia.<\/p>\n","protected":false},"featured_media":41555,"template":"","meta":{"_acf_changed":false},"ubicazione_acf":[],"product_brand":[1050],"product_cat":[1051],"false":[749],"proprietario":[],"class_list":{"0":"post-41550","1":"product","2":"type-product","3":"status-publish","4":"has-post-thumbnail","6":"product_brand-malhotra","7":"product_cat-opony","8":"product_tag-pl","9":"pa_brand-malhotra","11":"first","12":"instock","13":"sold-individually","14":"shipping-taxable","15":"purchasable","16":"product-type-simple"},"acf":[],"_links":{"self":[{"href":"https:\/\/www.damac.it\/pl\/wp-json\/wp\/v2\/product\/41550","targetHints":{"allow":["GET"]}}],"collection":[{"href":"https:\/\/www.damac.it\/pl\/wp-json\/wp\/v2\/product"}],"about":[{"href":"https:\/\/www.damac.it\/pl\/wp-json\/wp\/v2\/types\/product"}],"wp:featuredmedia":[{"embeddable":true,"href":"https:\/\/www.damac.it\/pl\/wp-json\/wp\/v2\/media\/41555"}],"wp:attachment":[{"href":"https:\/\/www.damac.it\/pl\/wp-json\/wp\/v2\/media?parent=41550"}],"wp:term":[{"taxonomy":"ubicazione_acf","embeddable":true,"href":"https:\/\/www.damac.it\/pl\/wp-json\/wp\/v2\/ubicazione_acf?post=41550"},{"taxonomy":"product_brand","embeddable":true,"href":"https:\/\/www.damac.it\/pl\/wp-json\/wp\/v2\/product_brand?post=41550"},{"taxonomy":"product_cat","embeddable":true,"href":"https:\/\/www.damac.it\/pl\/wp-json\/wp\/v2\/product_cat?post=41550"},{"taxonomy":"product_tag","embeddable":true,"href":"https:\/\/www.damac.it\/pl\/wp-json\/wp\/v2\/false?post=41550"},{"taxonomy":"proprietario","embeddable":true,"href":"https:\/\/www.damac.it\/pl\/wp-json\/wp\/v2\/proprietario?post=41550"}],"curies":[{"name":"wp","href":"https:\/\/api.w.org\/{rel}","templated":true}]}}