{"id":41637,"date":"2026-04-29T18:37:23","date_gmt":"2026-04-29T18:37:23","guid":{"rendered":"https:\/\/www.damac.it\/bez-kategorii\/simex-rw-500\/"},"modified":"2026-04-29T18:44:43","modified_gmt":"2026-04-29T18:44:43","slug":"simex-rw-500","status":"publish","type":"product","link":"https:\/\/www.damac.it\/pl\/koparki-tarczowe\/simex-rw-500-foggia\/","title":{"rendered":"SIMEX RW500"},"content":{"rendered":"\n<p><strong>Simex RW500<\/strong> to profesjonalne ko\u0142o kopalne zaprojektowane z my\u015bl\u0105 o zapewnieniu <strong>precyzji, wydajno\u015bci i ci\u0105g\u0142o\u015bci pracy<\/strong> przy wykopach liniowych. Ten model z 2021 roku stanowi idealne rozwi\u0105zanie do zastosowa\u0144 takich jak uk\u0142adanie kabli, rur i prace infrastrukturalne, dzi\u0119ki <strong>g\u0142\u0119boko\u015bci kopania do 500 mm<\/strong> i szeroko\u015bci tarczy <strong>50 mm<\/strong>, idealnej do w\u0105skich i precyzyjnych row\u00f3w. <\/p>\n\n<p>Dotata di\u00a0<strong>traslazione laterale idraulica<\/strong>\u00a0e regolazione della profondit\u00e0 idraulica, consente un controllo accurato durante le operazioni, migliorando la produttivit\u00e0 anche in contesti complessi. La struttura robusta e il sistema a ruota segmentata garantiscono durata nel tempo e prestazioni costanti anche su terreni impegnativi. Le\u00a0<strong>5 linee idrauliche<\/strong>\u00a0e la portata olio di\u00a0<strong>100\u2013160 l\/min<\/strong>\u00a0assicurano compatibilit\u00e0 e funzionamento ottimale con <a href=\"https:\/\/www.damac.it\/minipale\/\">minipale<\/a> professionali.<\/p>\n\n<p>Przy wadze <strong>1365 kg<\/strong> i maksymalnym ci\u015bnieniu 300 bar, Simex RW500 zosta\u0142a zaprojektowana do pracy w trudnych warunkach przy zachowaniu wysokiej niezawodno\u015bci. Idealna dla firm budowlanych i wyspecjalizowanych operator\u00f3w, stanowi konkretne rozwi\u0105zanie zwi\u0119kszaj\u0105ce precyzj\u0119 i szybko\u015b\u0107 prac ziemnych. <\/p>\n\n<p>Simex RW500 jest dost\u0119pna w Foggia i posiada certyfikat CE, gotowa do u\u017cycia na placu budowy.<\/p>\n\n<p><\/p>\n","protected":false},"excerpt":{"rendered":"<p>Simex RW 500 z 2021 roku, profesjonalne ko\u0142o kopalne do mini\u0142adowarek. G\u0142\u0119boko\u015b\u0107 500 mm, wysoka precyzja i hydrauliczne przesuwanie. Idealne do wykop\u00f3w liniowych i uk\u0142adania rur.   Dost\u0119pne w miejscowo\u015bci Foggia.<\/p>\n","protected":false},"featured_media":41639,"template":"","meta":{"_acf_changed":false},"ubicazione_acf":[],"product_brand":[1056],"product_cat":[1057],"false":[749],"proprietario":[],"class_list":{"0":"post-41637","1":"product","2":"type-product","3":"status-publish","4":"has-post-thumbnail","6":"product_brand-simex","7":"product_cat-koparki-tarczowe","8":"product_tag-pl","9":"pa_brand-simex","11":"first","12":"instock","13":"sold-individually","14":"shipping-taxable","15":"product-type-simple"},"acf":[],"_links":{"self":[{"href":"https:\/\/www.damac.it\/pl\/wp-json\/wp\/v2\/product\/41637","targetHints":{"allow":["GET"]}}],"collection":[{"href":"https:\/\/www.damac.it\/pl\/wp-json\/wp\/v2\/product"}],"about":[{"href":"https:\/\/www.damac.it\/pl\/wp-json\/wp\/v2\/types\/product"}],"wp:featuredmedia":[{"embeddable":true,"href":"https:\/\/www.damac.it\/pl\/wp-json\/wp\/v2\/media\/41639"}],"wp:attachment":[{"href":"https:\/\/www.damac.it\/pl\/wp-json\/wp\/v2\/media?parent=41637"}],"wp:term":[{"taxonomy":"ubicazione_acf","embeddable":true,"href":"https:\/\/www.damac.it\/pl\/wp-json\/wp\/v2\/ubicazione_acf?post=41637"},{"taxonomy":"product_brand","embeddable":true,"href":"https:\/\/www.damac.it\/pl\/wp-json\/wp\/v2\/product_brand?post=41637"},{"taxonomy":"product_cat","embeddable":true,"href":"https:\/\/www.damac.it\/pl\/wp-json\/wp\/v2\/product_cat?post=41637"},{"taxonomy":"product_tag","embeddable":true,"href":"https:\/\/www.damac.it\/pl\/wp-json\/wp\/v2\/false?post=41637"},{"taxonomy":"proprietario","embeddable":true,"href":"https:\/\/www.damac.it\/pl\/wp-json\/wp\/v2\/proprietario?post=41637"}],"curies":[{"name":"wp","href":"https:\/\/api.w.org\/{rel}","templated":true}]}}