{"id":41732,"date":"2026-04-30T07:40:31","date_gmt":"2026-04-30T07:40:31","guid":{"rendered":"https:\/\/www.damac.it\/bez-kategorii\/kubota-kc70sl-4p\/"},"modified":"2026-04-30T07:48:29","modified_gmt":"2026-04-30T07:48:29","slug":"kubota-kc70sl-4p","status":"publish","type":"product","link":"https:\/\/www.damac.it\/pl\/motocarriole\/kubota-kc70sl-4p-rzym\/","title":{"rendered":"KUBOTA KC70SL-4P"},"content":{"rendered":"\n<p>Il\u00a0<strong>Kubota KC70SL-4P\u00a0del 2022<\/strong>\u00a0\u00e8 un <a href=\"https:\/\/www.damac.it\/dumper\/\">dumper<\/a> cingolato compatto progettato per garantire\u00a0<strong>massima efficienza, maneggevolezza e versatilit\u00e0<\/strong>\u00a0nei cantieri pi\u00f9 impegnativi. Con\u00a0<strong>505 ore di lavoro<\/strong>\u00a0e una portata utile di\u00a0<strong>700 kg<\/strong>, rappresenta una soluzione ideale per movimentazione materiali, lavori edili e manutenzioni in spazi ristretti.<\/p>\n\n<p>Dzi\u0119ki systemowi <strong>samoza\u0142adowczemu<\/strong> wozid\u0142o to pozwala na samodzielny za\u0142adunek materia\u0142u, redukuj\u0105c czas i koszty operacyjne. Silnik <strong>Honda GX270 o mocy 8,3 kW<\/strong> z <strong>rozruchem elektrycznym<\/strong> zapewnia niezawodno\u015b\u0107, \u0142atwo\u015b\u0107 obs\u0142ugi i sta\u0142\u0105 wydajno\u015b\u0107 nawet podczas intensywnego u\u017cytkowania. <strong>G\u0105sienice gumowe w stanie 80%<\/strong> gwarantuj\u0105 doskona\u0142\u0105 przyczepno\u015b\u0107 na nier\u00f3wnym terenie i ochron\u0119 delikatnych nawierzchni.  <\/p>\n\n<p>Kompaktowa konstrukcja o szeroko\u015bci zaledwie <strong>758 mm<\/strong> sprawia, \u017ce maszyna idealnie nadaje si\u0119 do w\u0105skich przej\u015b\u0107 oraz prac w \u015brodowisku miejskim lub wewn\u0105trz budynk\u00f3w. <strong>Dwie pr\u0119dko\u015bci jazdy<\/strong> dodatkowo poprawiaj\u0105 efektywno\u015b\u0107 przemieszczania si\u0119, zwi\u0119kszaj\u0105c codzienn\u0105 wydajno\u015b\u0107. Solidna i pojemna skrzynia \u0142adunkowa pozwala na bezpieczny i szybki transport materia\u0142\u00f3w.  <\/p>\n\n<p>Dost\u0119pna w Rzymie maszyna Kubota KC70SL-4P jest gotowa do pracy i stanowi idealny wyb\u00f3r dla os\u00f3b szukaj\u0105cych niezawodno\u015bci, kompaktowo\u015bci i wydajno\u015bci w jednym urz\u0105dzeniu.<\/p>\n\n<p><\/p>\n","protected":false},"excerpt":{"rendered":"<p>Kubota KC70SL-4P z 2022 r. z przebiegiem 505 mth, g\u0105sienicowe wozid\u0142o samoza\u0142adowcze o \u0142adowno\u015bci 700 kg. Kompaktowe, mocne i idealne do w\u0105skich przestrzeni. Silnik Honda z rozruchem elektrycznym.   Dost\u0119pne w Rzymie.<\/p>\n","protected":false},"featured_media":41734,"template":"","meta":{"_acf_changed":false},"ubicazione_acf":[],"product_brand":[602],"product_cat":[1066],"false":[749],"proprietario":[],"class_list":{"0":"post-41732","1":"product","2":"type-product","3":"status-publish","4":"has-post-thumbnail","6":"product_brand-kubota","7":"product_cat-motocarriole","8":"product_tag-pl","10":"first","11":"instock","12":"sold-individually","13":"shipping-taxable","14":"product-type-simple"},"acf":[],"_links":{"self":[{"href":"https:\/\/www.damac.it\/pl\/wp-json\/wp\/v2\/product\/41732","targetHints":{"allow":["GET"]}}],"collection":[{"href":"https:\/\/www.damac.it\/pl\/wp-json\/wp\/v2\/product"}],"about":[{"href":"https:\/\/www.damac.it\/pl\/wp-json\/wp\/v2\/types\/product"}],"wp:featuredmedia":[{"embeddable":true,"href":"https:\/\/www.damac.it\/pl\/wp-json\/wp\/v2\/media\/41734"}],"wp:attachment":[{"href":"https:\/\/www.damac.it\/pl\/wp-json\/wp\/v2\/media?parent=41732"}],"wp:term":[{"taxonomy":"ubicazione_acf","embeddable":true,"href":"https:\/\/www.damac.it\/pl\/wp-json\/wp\/v2\/ubicazione_acf?post=41732"},{"taxonomy":"product_brand","embeddable":true,"href":"https:\/\/www.damac.it\/pl\/wp-json\/wp\/v2\/product_brand?post=41732"},{"taxonomy":"product_cat","embeddable":true,"href":"https:\/\/www.damac.it\/pl\/wp-json\/wp\/v2\/product_cat?post=41732"},{"taxonomy":"product_tag","embeddable":true,"href":"https:\/\/www.damac.it\/pl\/wp-json\/wp\/v2\/false?post=41732"},{"taxonomy":"proprietario","embeddable":true,"href":"https:\/\/www.damac.it\/pl\/wp-json\/wp\/v2\/proprietario?post=41732"}],"curies":[{"name":"wp","href":"https:\/\/api.w.org\/{rel}","templated":true}]}}