{"id":42012,"date":"2026-04-30T13:58:56","date_gmt":"2026-04-30T13:58:56","guid":{"rendered":"https:\/\/www.damac.it\/bez-kategorii\/fiat-hitachi-fh200w-3\/"},"modified":"2026-04-30T14:18:45","modified_gmt":"2026-04-30T14:18:45","slug":"fiat-hitachi-fh200w-3","status":"publish","type":"product","link":"https:\/\/www.damac.it\/pl\/koparki-kolowe\/fiat-hitachi-fh200w-3-rzym\/","title":{"rendered":"FIAT HITACHI FH200W.3"},"content":{"rendered":"\n<p><strong>Fiat Hitachi FH200W.3 z 1995 roku<\/strong> to <a href=\"https:\/\/www.damac.it\/pl\/koparki-kolowe\/\">koparka ko\u0142owa<\/a> zaprojektowana z my\u015bl\u0105 o <strong>wytrzyma\u0142o\u015bci, niezawodno\u015bci i sta\u0142ej wydajno\u015bci<\/strong> nawet przy najbardziej wymagaj\u0105cych pracach. Z mas\u0105 operacyjn\u0105 <strong>19 150 kg<\/strong> i <strong>9831 godzinami pracy<\/strong> stanowi idealne rozwi\u0105zanie dla przedsi\u0119biorstw poszukuj\u0105cych solidnej i funkcjonalnej maszyny do rob\u00f3t drogowych, wykop\u00f3w i rob\u00f3t ziemnych. <\/p>\n\n<p>Wyposa\u017cony w <strong>rami\u0119 potr\u00f3jne<\/strong>, model ten gwarantuje du\u017c\u0105 wszechstronno\u015b\u0107 operacyjn\u0105, umo\u017cliwiaj\u0105c precyzyjn\u0105 prac\u0119 zar\u00f3wno na g\u0142\u0119boko\u015bci, jak i na wysoko\u015bci. Obecno\u015b\u0107 <strong>lemiesza przedniego<\/strong> zwi\u0119ksza stabilno\u015b\u0107 podczas operacji, natomiast uk\u0142ad na <strong>8 oponach (w 70%)<\/strong> zapewnia mobilno\u015b\u0107 i komfort podczas przemieszczania si\u0119 po drodze i na placu budowy. <\/p>\n\n<p>Silnik <strong>Fiat 8045 T o mocy 125 KM<\/strong> zapewnia moc i ci\u0105g\u0142o\u015b\u0107 nawet przy intensywnych cyklach pracy. <strong>Kabina zamkni\u0119ta ze standardami ROPS i FOPS<\/strong> gwarantuje bezpiecze\u0144stwo i komfort operatora, natomiast <strong>instalacja m\u0142ota hydraulicznego<\/strong> poszerza mo\u017cliwo\u015bci u\u017cytkowania, czyni\u0105c maszyn\u0119 odpowiedni\u0105 r\u00f3wnie\u017c do lekkich rozbi\u00f3rek. <\/p>\n\n<p>Dost\u0119pny w Rzymie, Fiat Hitachi FH200W.3 to konkretny wyb\u00f3r dla tych, kt\u00f3rzy szukaj\u0105 niezawodnej, wszechstronnej i gotowej do pracy koparki ko\u0142owej.<\/p>\n\n<p><\/p>\n","protected":false},"excerpt":{"rendered":"<p>Fiat Hitachi FH200W.3 z 1995 roku, koparka ko\u0142owa o wadze 19 ton z ramieniem potr\u00f3jnym i instalacj\u0105 m\u0142ota. Niezawodna i wszechstronna na place budowy i roboty drogowe. Dost\u0119pna w Rzymie, gotowa do u\u017cytku.  <\/p>\n","protected":false},"featured_media":42041,"template":"","meta":{"_acf_changed":false},"ubicazione_acf":[],"product_brand":[639],"product_cat":[1073],"false":[749],"proprietario":[],"class_list":{"0":"post-42012","1":"product","2":"type-product","3":"status-publish","4":"has-post-thumbnail","6":"product_brand-fiat-hitachi","7":"product_cat-koparki-kolowe","8":"product_tag-pl","9":"pa_brand-fiat-hitachi","11":"first","12":"instock","13":"sold-individually","14":"shipping-taxable","15":"purchasable","16":"product-type-simple"},"acf":[],"_links":{"self":[{"href":"https:\/\/www.damac.it\/pl\/wp-json\/wp\/v2\/product\/42012","targetHints":{"allow":["GET"]}}],"collection":[{"href":"https:\/\/www.damac.it\/pl\/wp-json\/wp\/v2\/product"}],"about":[{"href":"https:\/\/www.damac.it\/pl\/wp-json\/wp\/v2\/types\/product"}],"wp:featuredmedia":[{"embeddable":true,"href":"https:\/\/www.damac.it\/pl\/wp-json\/wp\/v2\/media\/42041"}],"wp:attachment":[{"href":"https:\/\/www.damac.it\/pl\/wp-json\/wp\/v2\/media?parent=42012"}],"wp:term":[{"taxonomy":"ubicazione_acf","embeddable":true,"href":"https:\/\/www.damac.it\/pl\/wp-json\/wp\/v2\/ubicazione_acf?post=42012"},{"taxonomy":"product_brand","embeddable":true,"href":"https:\/\/www.damac.it\/pl\/wp-json\/wp\/v2\/product_brand?post=42012"},{"taxonomy":"product_cat","embeddable":true,"href":"https:\/\/www.damac.it\/pl\/wp-json\/wp\/v2\/product_cat?post=42012"},{"taxonomy":"product_tag","embeddable":true,"href":"https:\/\/www.damac.it\/pl\/wp-json\/wp\/v2\/false?post=42012"},{"taxonomy":"proprietario","embeddable":true,"href":"https:\/\/www.damac.it\/pl\/wp-json\/wp\/v2\/proprietario?post=42012"}],"curies":[{"name":"wp","href":"https:\/\/api.w.org\/{rel}","templated":true}]}}