{"id":42604,"date":"2026-05-07T08:45:12","date_gmt":"2026-05-07T08:45:12","guid":{"rendered":"https:\/\/www.damac.it\/bez-kategorii\/case-75xt\/"},"modified":"2026-05-07T08:55:14","modified_gmt":"2026-05-07T08:55:14","slug":"case-75xt","status":"publish","type":"product","link":"https:\/\/www.damac.it\/pl\/miniladowarki\/case-75xt-foggia\/","title":{"rendered":"CASE 75XT"},"content":{"rendered":"\n<p>U\u017cywana CASE 75XT z 2002 roku to niezawodne i wszechstronne rozwi\u0105zanie do prac ziemnych, budowlanych, rolniczych oraz konserwacji przemys\u0142owej. Maj\u0105c zaledwie <strong>1200 motogodzin<\/strong>, maszyna ta wyr\u00f3\u017cnia si\u0119 doskona\u0142ym stanem technicznym oraz posiada <strong>certyfikat CE<\/strong>, tablic\u0119 rejestracyjn\u0105 i dow\u00f3d rejestracyjny, co u\u0142atwia jej natychmiastowe u\u017cycie na placu budowy. Dost\u0119pna w siedzibie w <strong>Foggii<\/strong>, gotowa do szybkiej dostawy.  <\/p>\n\n<p>Dotata di un potente motore\u00a0<strong>Case 4-390 da 48,8 kW<\/strong>, la CASE 75XT offre prestazioni elevate anche nelle operazioni pi\u00f9 impegnative. Il peso operativo di\u00a0<strong>3040 kg<\/strong>\u00a0garantisce stabilit\u00e0 e sicurezza durante il lavoro, mentre i\u00a0<strong>comandi joystick<\/strong> assicurano precisione e comfort operativo. La macchina \u00e8 completa di\u00a0<strong><a href=\"https:\/\/www.damac.it\/accessori\/\">benna<\/a> standard<\/strong>\u00a0e impianto idraulico a 3 tubi, ideale per l\u2019utilizzo con diverse attrezzature.<\/p>\n\n<p>Grazie alle dimensioni compatte e alla grande manovrabilit\u00e0, questa <a href=\"https:\/\/www.damac.it\/minipale\/\">minipala<\/a> compatta usata \u00e8 perfetta per operare in spazi ridotti senza rinunciare alla produttivit\u00e0. Il\u00a0<strong>serbatoio acqua sul tetto<\/strong>\u00a0rappresenta un valore aggiunto utile per applicazioni specifiche in ambito edile e stradale.<\/p>\n\n<p>Wyb\u00f3r CASE 75XT to inwestycja w sprawn\u0105, solidn\u0105 i gotow\u0105 do pracy maszyn\u0119 o doskona\u0142ym stosunku jako\u015bci do ceny. To idealne rozwi\u0105zanie dla firm i profesjonalist\u00f3w poszukuj\u0105cych niezawodnej i wydajnej u\u017cywanej mini\u0142adowarki. <\/p>\n\n<p><\/p>\n","protected":false},"excerpt":{"rendered":"<p>U\u017cywana mini\u0142adowarka <span class=\"hover:entity-accent entity-underline inline cursor-pointer align-baseline\"><span class=\"whitespace-normal\">CASE 75XT<\/span><\/span> z 2002 roku, 1200 motogodzin, silnik Case o mocy 48,8 kW, joystick, standardowa \u0142y\u017cka i certyfikat CE. Maszyna kompaktowa, mocna i gotowa do pracy, dost\u0119pna w Foggii. <\/p>\n","protected":false},"featured_media":42612,"template":"","meta":{"_acf_changed":false},"ubicazione_acf":[],"product_brand":[679],"product_cat":[425],"false":[749],"proprietario":[],"class_list":{"0":"post-42604","1":"product","2":"type-product","3":"status-publish","4":"has-post-thumbnail","6":"product_brand-case","7":"product_cat-miniladowarki","8":"product_tag-pl","9":"pa_brand-case","11":"first","12":"instock","13":"shipping-taxable","14":"purchasable","15":"product-type-simple"},"acf":[],"_links":{"self":[{"href":"https:\/\/www.damac.it\/pl\/wp-json\/wp\/v2\/product\/42604","targetHints":{"allow":["GET"]}}],"collection":[{"href":"https:\/\/www.damac.it\/pl\/wp-json\/wp\/v2\/product"}],"about":[{"href":"https:\/\/www.damac.it\/pl\/wp-json\/wp\/v2\/types\/product"}],"wp:featuredmedia":[{"embeddable":true,"href":"https:\/\/www.damac.it\/pl\/wp-json\/wp\/v2\/media\/42612"}],"wp:attachment":[{"href":"https:\/\/www.damac.it\/pl\/wp-json\/wp\/v2\/media?parent=42604"}],"wp:term":[{"taxonomy":"ubicazione_acf","embeddable":true,"href":"https:\/\/www.damac.it\/pl\/wp-json\/wp\/v2\/ubicazione_acf?post=42604"},{"taxonomy":"product_brand","embeddable":true,"href":"https:\/\/www.damac.it\/pl\/wp-json\/wp\/v2\/product_brand?post=42604"},{"taxonomy":"product_cat","embeddable":true,"href":"https:\/\/www.damac.it\/pl\/wp-json\/wp\/v2\/product_cat?post=42604"},{"taxonomy":"product_tag","embeddable":true,"href":"https:\/\/www.damac.it\/pl\/wp-json\/wp\/v2\/false?post=42604"},{"taxonomy":"proprietario","embeddable":true,"href":"https:\/\/www.damac.it\/pl\/wp-json\/wp\/v2\/proprietario?post=42604"}],"curies":[{"name":"wp","href":"https:\/\/api.w.org\/{rel}","templated":true}]}}