{"id":8361,"date":"2025-06-02T10:48:19","date_gmt":"2025-06-02T10:48:19","guid":{"rendered":"https:\/\/www.damac.it\/bez-kategorii\/jcb-1cx\/"},"modified":"2025-11-25T11:53:12","modified_gmt":"2025-11-25T11:53:12","slug":"jcb-1cx","status":"publish","type":"product","link":"https:\/\/www.damac.it\/pl\/koparko-ladowarki\/jcb-1cx-anguillara-sabazia-rzym\/","title":{"rendered":"JCB 1CX-HF"},"content":{"rendered":"\n<p><strong>JCB 1CX-HF<\/strong> to niezwykle wszechstronna <strong>kompaktowa koparko-\u0142adowarka<\/strong>, idealna do pracy w ograniczonych przestrzeniach, w kt\u00f3rych standardowe maszyny nie mog\u0105 pracowa\u0107.<\/p>\n\n<p>Wyprodukowana w <strong>1997 roku<\/strong> i maj\u0105ca <strong>4000 godzin pracy<\/strong>, maszyna ta \u0142\u0105czy w sobie <strong>wysok\u0105 wydajno\u015b\u0107<\/strong>, <strong>\u0142atwo\u015b\u0107 obs\u0142ugi<\/strong> i <strong>niezawodno\u015b\u0107 typow\u0105 dla marki JCB<\/strong>, \u015bwiatowego lidera w dziedzinie sprz\u0119tu budowlanego.<\/p>\n\n<p>Przy <strong>masie roboczej 2 790 kg<\/strong>, JCB 1CX-HF jest wyposa\u017cona w <strong>system m\u0142ota o du\u017cej wydajno\u015bci<\/strong>, <strong>przek\u0142adni\u0119 hydrostatyczn\u0105<\/strong> i <strong>szybkoz\u0142\u0105cze<\/strong>, dzi\u0119ki czemu idealnie nadaje si\u0119 do kopania, za\u0142adunku, prze\u0142adunku i prac konserwacyjnych w obszarach miejskich lub na ograniczonych placach budowy.<\/p>\n\n<p>4-cylindrowy <strong>silnik Perkins 104-22<\/strong> o mocy <strong>37,5 kW (51 KM)<\/strong> zapewnia doskona\u0142\u0105 r\u00f3wnowag\u0119 mi\u0119dzy moc\u0105 a zu\u017cyciem paliwa, gwarantuj\u0105c sta\u0142\u0105 wydajno\u015b\u0107 nawet w d\u0142ugotrwa\u0142ych warunkach pracy.<\/p>\n\n<p>Maszyna posiada <strong>zamkni\u0119t\u0105 kabin\u0119<\/strong>, <strong>system obrotu<\/strong>, do\u0142\u0105czon\u0105 <strong>\u0142y\u017ck\u0119 za\u0142adowcz\u0105<\/strong> i <strong>certyfikat CE<\/strong>. Jest <strong>zarejestrowana<\/strong> i posiada kompletn\u0105 <strong>rejestracj\u0119 pojazdu<\/strong>, dzi\u0119ki czemu jest gotowa do natychmiastowego u\u017cycia zgodnie z obowi\u0105zuj\u0105cymi przepisami. <\/p>\n\n<p>Dzi\u0119ki <strong>kompaktowym rozmiarom i systemowi wysokiego zasi\u0119gu<\/strong>, JCB 1CX-HF jest idealna dla firm budowlanych, gospodarstw rolnych lub operator\u00f3w, kt\u00f3rzy potrzebuj\u0105 wielofunkcyjnej maszyny, kt\u00f3ra mo\u017ce zast\u0105pi\u0107 kilka urz\u0105dze\u0144 jedn\u0105 maszyn\u0105.<\/p>\n\n<p>Obecnie <strong>dost\u0119pne w siedzibie DAMAC w Anguillara Sabazia (Rzym)<\/strong>, gotowe do ogl\u0105dania lub transportu we W\u0142oszech i za granic\u0105.<\/p>\n\n<div class=\"wp-block-webfactory-map\"><div class=\"wp-block-webfactory-map\"><iframe title=\"Mapa\" width=\"100%\" height=\"380px\" src=\"https:\/\/www.google.com\/maps\/embed\/v1\/place?q=anguillara%20sabazia&amp;maptype=roadmap&amp;zoom=7&amp;key=AIzaSyCbpj9Ji_jwudUhfVpTXiPB79zpZZSDW8c\" frameborder=\"0\"><\/iframe><\/div><\/div>\n","protected":false},"excerpt":{"rendered":"<p>JCB 1CX-HF kompaktowa i wszechstronna, idealna do prac w ograniczonych przestrzeniach. Wyposa\u017cona w m\u0142ot hydrauliczny o wysokiej wydajno\u015bci i zamkni\u0119t\u0105 kabin\u0119, oferuje niezawodn\u0105 wydajno\u015b\u0107 przy kopaniu, \u0142adowaniu i przemieszczaniu na placu budowy. Dost\u0119pna do obejrzenia w Rzymie.  <\/p>\n","protected":false},"featured_media":8274,"template":"","meta":{"_acf_changed":false},"ubicazione_acf":[],"product_brand":[346],"product_cat":[407],"false":[749],"proprietario":[],"class_list":{"0":"post-8361","1":"product","2":"type-product","3":"status-publish","4":"has-post-thumbnail","6":"product_brand-jcb","7":"product_cat-koparko-ladowarki","8":"product_tag-pl","9":"pa_brand-jcb","11":"first","12":"outofstock","13":"sold-individually","14":"shipping-taxable","15":"purchasable","16":"product-type-simple"},"acf":[],"_links":{"self":[{"href":"https:\/\/www.damac.it\/pl\/wp-json\/wp\/v2\/product\/8361","targetHints":{"allow":["GET"]}}],"collection":[{"href":"https:\/\/www.damac.it\/pl\/wp-json\/wp\/v2\/product"}],"about":[{"href":"https:\/\/www.damac.it\/pl\/wp-json\/wp\/v2\/types\/product"}],"wp:featuredmedia":[{"embeddable":true,"href":"https:\/\/www.damac.it\/pl\/wp-json\/wp\/v2\/media\/8274"}],"wp:attachment":[{"href":"https:\/\/www.damac.it\/pl\/wp-json\/wp\/v2\/media?parent=8361"}],"wp:term":[{"taxonomy":"ubicazione_acf","embeddable":true,"href":"https:\/\/www.damac.it\/pl\/wp-json\/wp\/v2\/ubicazione_acf?post=8361"},{"taxonomy":"product_brand","embeddable":true,"href":"https:\/\/www.damac.it\/pl\/wp-json\/wp\/v2\/product_brand?post=8361"},{"taxonomy":"product_cat","embeddable":true,"href":"https:\/\/www.damac.it\/pl\/wp-json\/wp\/v2\/product_cat?post=8361"},{"taxonomy":"product_tag","embeddable":true,"href":"https:\/\/www.damac.it\/pl\/wp-json\/wp\/v2\/false?post=8361"},{"taxonomy":"proprietario","embeddable":true,"href":"https:\/\/www.damac.it\/pl\/wp-json\/wp\/v2\/proprietario?post=8361"}],"curies":[{"name":"wp","href":"https:\/\/api.w.org\/{rel}","templated":true}]}}