{"id":8848,"date":"2025-08-02T09:49:35","date_gmt":"2025-08-02T09:49:35","guid":{"rendered":"https:\/\/www.damac.it\/bez-kategorii\/komatsu-pc55-mr3\/"},"modified":"2026-03-29T13:50:48","modified_gmt":"2026-03-29T13:50:48","slug":"komatsu-pc55-mr3","status":"publish","type":"product","link":"https:\/\/www.damac.it\/pl\/minikoparki\/komatsu-pc55-mr3-anguillara-sabazia\/","title":{"rendered":"KOMATSU PC55MR-3"},"content":{"rendered":"\n<div class=\"wp-block-columns are-vertically-aligned-center is-layout-flex wp-container-core-columns-is-layout-28f84493 wp-block-columns-is-layout-flex\">\n<div class=\"wp-block-column is-vertically-aligned-center is-layout-flow wp-block-column-is-layout-flow\">\n<p class=\"title has-text-color\" style=\"color:#131315\">\u00a0<\/p>\n\n\n\n<h3 class=\"wp-block-heading\"><strong>NIEZAWODNY I GOTOWY DO U\u017bYCIA<\/strong><\/h3>\n\n\n\n<p>Z <strong>zaledwie 3410 godzinami pracy<\/strong> i <strong>gumowymi g\u0105sienicami w 100%<\/strong>, ten PC55MR-3 to maszyna gotowa do natychmiastowego wej\u015bcia na plac budowy. Ten model <strong>komatsu pc55<\/strong> zosta\u0142 zaprojektowany, aby zapewni\u0107 doskona\u0142y stosunek jako\u015bci do ceny. <\/p>\n<\/div>\n\n\n\n<div class=\"wp-block-column is-vertically-aligned-center is-layout-flow wp-block-column-is-layout-flow\" style=\"flex-basis:60%\">\n\n\n<p>\u00a0<\/p>\n<\/div>\n<\/div>\n\n<div style=\"height:30px\" aria-hidden=\"true\" class=\"wp-block-spacer\"><\/div>\n\n<div class=\"wp-block-columns are-vertically-aligned-center is-layout-flex wp-container-core-columns-is-layout-28f84493 wp-block-columns-is-layout-flex\">\n<div class=\"wp-block-column is-vertically-aligned-center is-layout-flow wp-block-column-is-layout-flow\">\n<figure class=\"wp-block-image size-large\"><img decoding=\"async\" src=\"https:\/\/www.damac.it\/wp-content\/uploads\/2025\/08\/&lt;a href=\" https:=\"\" alt=\"\" title=\"\">miniescavatore-komatsu-pc55mr3-2016-usato-damac-23-1024&#215;768.jpeg&#8221; alt=&#8221;Miniescavatore Komatsu PC55-MR3 usato anno 2016 in vendita \u2013 DAMAC&#8221; class=&#8221;wp-image-8836&#8243;\/&gt;<\/figure>\n<\/div>\n\n\n\n<div class=\"wp-block-column is-vertically-aligned-center is-layout-flow wp-block-column-is-layout-flow\" style=\"flex-basis:40%\">\n<p class=\"title has-text-color\" style=\"color:#131315\">\u00a0<\/p>\n\n\n\n<h3 class=\"wp-block-heading\"><strong>KOMPAKTOWY, ALE MOCNY<\/strong><\/h3>\n\n\n\n<p>Wyposa\u017cony w silnik <strong>Komatsu 4D88E-6 o mocy 39,6 KM<\/strong> z <strong>przek\u0142adni\u0105 hydrostatyczn\u0105<\/strong>, zapewnia wysokie osi\u0105gi i doskona\u0142\u0105 kontrol\u0119. <strong>Sta\u0142y podwoziowy z podw\u00f3jn\u0105 pr\u0119dko\u015bci\u0105<\/strong> umo\u017cliwia szybkie przemieszczanie si\u0119. Dzi\u0119ki swoim charakterystykom, <strong>komatsu pc55<\/strong> jest idealny dla tych, kt\u00f3rzy szukaj\u0105 niezawodno\u015bci i wy\u017cszych osi\u0105g\u00f3w.  <\/p>\n<\/div>\n<\/div>\n\n<div style=\"height:30px\" aria-hidden=\"true\" class=\"wp-block-spacer\"><\/div>\n\n<div class=\"wp-block-columns are-vertically-aligned-center is-layout-flex wp-container-core-columns-is-layout-28f84493 wp-block-columns-is-layout-flex\">\n<div class=\"wp-block-column is-vertically-aligned-center is-layout-flow wp-block-column-is-layout-flow\">\n<p class=\"title has-text-color\" style=\"color:#131315\">\u00a0<\/p>\n\n\n\n<h3 class=\"wp-block-heading\"><strong>WYPOSA\u017bONY DO PRACY NA BUDOWIE<\/strong><\/h3>\n\n\n\n<p>Kompletny z <strong>lemierzem czo\u0142owym<\/strong>, <strong>instalacj\u0105 m\u0142ota<\/strong> i <strong>zaworami blokuj\u0105cymi<\/strong>, jest idealny do prac ziemnych, rozbi\u00f3rki i transportu materia\u0142\u00f3w. <strong>Rami\u0119 monolityczne<\/strong> gwarantuje wytrzyma\u0142o\u015b\u0107 i precyzj\u0119 podczas pracy. Ponadto, <strong>komatsu pc55<\/strong> oferuje du\u017c\u0105 wszechstronno\u015b\u0107 na budowie, u\u0142atwiaj\u0105c wykonywanie r\u00f3\u017cnych prac.  <\/p>\n<\/div>\n\n\n\n<div class=\"wp-block-column is-vertically-aligned-center is-layout-flow wp-block-column-is-layout-flow\" style=\"flex-basis:60%\">\n<figure class=\"wp-block-image size-large\"><img fetchpriority=\"high\" decoding=\"async\" width=\"1024\" height=\"768\" src=\"https:\/\/www.damac.it\/wp-content\/uploads\/2025\/08\/miniescavatore-komatsu-pc55mr3-2016-usato-damac-14-1024x768.jpeg\" alt=\"Minikopararka Komatsu PC55-MR3 u&#x17C;ywana rok 2016 na sprzeda&#x17C; &#x2013; DAMAC\" class=\"wp-image-8791\" title=\"\" srcset=\"https:\/\/www.damac.it\/wp-content\/uploads\/2025\/08\/miniescavatore-komatsu-pc55mr3-2016-usato-damac-14-1024x768.jpeg 1024w, https:\/\/www.damac.it\/wp-content\/uploads\/2025\/08\/miniescavatore-komatsu-pc55mr3-2016-usato-damac-14-scaled-600x450.jpeg 600w, https:\/\/www.damac.it\/wp-content\/uploads\/2025\/08\/miniescavatore-komatsu-pc55mr3-2016-usato-damac-14-scaled-150x113.jpeg 150w, https:\/\/www.damac.it\/wp-content\/uploads\/2025\/08\/miniescavatore-komatsu-pc55mr3-2016-usato-damac-14-scaled-900x675.jpeg 900w, https:\/\/www.damac.it\/wp-content\/uploads\/2025\/08\/miniescavatore-komatsu-pc55mr3-2016-usato-damac-14-scaled-64x48.jpeg 64w, https:\/\/www.damac.it\/wp-content\/uploads\/2025\/08\/miniescavatore-komatsu-pc55mr3-2016-usato-damac-14-300x225.jpeg 300w, https:\/\/www.damac.it\/wp-content\/uploads\/2025\/08\/miniescavatore-komatsu-pc55mr3-2016-usato-damac-14-768x576.jpeg 768w, https:\/\/www.damac.it\/wp-content\/uploads\/2025\/08\/miniescavatore-komatsu-pc55mr3-2016-usato-damac-14-1536x1152.jpeg 1536w, https:\/\/www.damac.it\/wp-content\/uploads\/2025\/08\/miniescavatore-komatsu-pc55mr3-2016-usato-damac-14-2048x1536.jpeg 2048w, https:\/\/www.damac.it\/wp-content\/uploads\/2025\/08\/miniescavatore-komatsu-pc55mr3-2016-usato-damac-14-990x743.jpeg 990w, https:\/\/www.damac.it\/wp-content\/uploads\/2025\/08\/miniescavatore-komatsu-pc55mr3-2016-usato-damac-14-441x331.jpeg 441w\" sizes=\"(max-width: 1024px) 100vw, 1024px\" \/><\/figure>\n\n\n\n<p>\u00a0<\/p>\n<\/div>\n<\/div>\n\n<div style=\"height:30px\" aria-hidden=\"true\" class=\"wp-block-spacer\"><\/div>\n\n<div class=\"wp-block-columns are-vertically-aligned-center is-layout-flex wp-container-core-columns-is-layout-28f84493 wp-block-columns-is-layout-flex\">\n<div class=\"wp-block-column is-vertically-aligned-center is-layout-flow wp-block-column-is-layout-flow\">\n<figure class=\"wp-block-image size-large\"><img decoding=\"async\" width=\"1024\" height=\"768\" src=\"https:\/\/www.damac.it\/wp-content\/uploads\/2025\/08\/miniescavatore-komatsu-pc55mr3-2016-usato-damac-16-1024x768.jpeg\" alt=\"Minikopararka Komatsu PC55-MR3 u&#x17C;ywana rok 2016 na sprzeda&#x17C; &#x2013; DAMAC\" class=\"wp-image-8801\" title=\"\" srcset=\"https:\/\/www.damac.it\/wp-content\/uploads\/2025\/08\/miniescavatore-komatsu-pc55mr3-2016-usato-damac-16-1024x768.jpeg 1024w, https:\/\/www.damac.it\/wp-content\/uploads\/2025\/08\/miniescavatore-komatsu-pc55mr3-2016-usato-damac-16-scaled-600x450.jpeg 600w, https:\/\/www.damac.it\/wp-content\/uploads\/2025\/08\/miniescavatore-komatsu-pc55mr3-2016-usato-damac-16-scaled-150x113.jpeg 150w, https:\/\/www.damac.it\/wp-content\/uploads\/2025\/08\/miniescavatore-komatsu-pc55mr3-2016-usato-damac-16-scaled-900x675.jpeg 900w, https:\/\/www.damac.it\/wp-content\/uploads\/2025\/08\/miniescavatore-komatsu-pc55mr3-2016-usato-damac-16-scaled-64x48.jpeg 64w, https:\/\/www.damac.it\/wp-content\/uploads\/2025\/08\/miniescavatore-komatsu-pc55mr3-2016-usato-damac-16-300x225.jpeg 300w, https:\/\/www.damac.it\/wp-content\/uploads\/2025\/08\/miniescavatore-komatsu-pc55mr3-2016-usato-damac-16-768x576.jpeg 768w, https:\/\/www.damac.it\/wp-content\/uploads\/2025\/08\/miniescavatore-komatsu-pc55mr3-2016-usato-damac-16-1536x1152.jpeg 1536w, https:\/\/www.damac.it\/wp-content\/uploads\/2025\/08\/miniescavatore-komatsu-pc55mr3-2016-usato-damac-16-2048x1536.jpeg 2048w, https:\/\/www.damac.it\/wp-content\/uploads\/2025\/08\/miniescavatore-komatsu-pc55mr3-2016-usato-damac-16-990x743.jpeg 990w, https:\/\/www.damac.it\/wp-content\/uploads\/2025\/08\/miniescavatore-komatsu-pc55mr3-2016-usato-damac-16-441x331.jpeg 441w\" sizes=\"(max-width: 1024px) 100vw, 1024px\" \/><\/figure>\n<\/div>\n\n\n\n<div class=\"wp-block-column is-vertically-aligned-center is-layout-flow wp-block-column-is-layout-flow\" style=\"flex-basis:40%\">\n<p class=\"title has-text-color\" style=\"color:#131315\">\u00a0<\/p>\n\n\n\n<h3 class=\"wp-block-heading\"><strong>DOKUMENTACJA W PORZ\u0104DKU<\/strong><\/h3>\n\n\n\n<p>Sprzedawany z <strong>certyfikacj\u0105 CE<\/strong> i <strong>kompletn\u0105 kart\u0105 techniczn\u0105<\/strong>, to transparentne i zgodne rozwi\u0105zanie. Zakup w DAMAC obejmuje <strong>widoczny VAT<\/strong> i mo\u017cliwo\u015b\u0107 <strong>transportu w ca\u0142ej Europie<\/strong>. Z zakupem <strong>komatsu pc55<\/strong> b\u0119dziesz mie\u0107 r\u00f3wnie\u017c dost\u0119p do doskona\u0142ej sieci obs\u0142ugi posprzeda\u017cowej.  <\/p>\n<\/div>\n<\/div>\n","protected":false},"excerpt":{"rendered":"<p class=\"p1\">Minikoparka g\u0105sienicowa KOMATSU PC55MR-3, 5,5 tony, 3410 godzin pracy, 100% gumowe g\u0105sienice. Silnik Komatsu 39,6 KM, zamkni\u0119ta kabina, przedni lemiesz, system m\u0142ota i \u0142y\u017cka w zestawie. Posiada certyfikat CE, jest gotowa do pracy i dost\u0119pna do wysy\u0142ki na terenie W\u0142och i Europy.  <\/p>\n","protected":false},"featured_media":8739,"template":"","meta":{"_acf_changed":false},"ubicazione_acf":[],"product_brand":[611],"product_cat":[413],"false":[749],"proprietario":[],"class_list":{"0":"post-8848","1":"product","2":"type-product","3":"status-publish","4":"has-post-thumbnail","6":"product_brand-komatsu","7":"product_cat-minikoparki","8":"product_tag-pl","9":"pa_brand-komatsu","11":"first","12":"outofstock","13":"sale","14":"sold-individually","15":"shipping-taxable","16":"purchasable","17":"product-type-simple"},"acf":[],"_links":{"self":[{"href":"https:\/\/www.damac.it\/pl\/wp-json\/wp\/v2\/product\/8848","targetHints":{"allow":["GET"]}}],"collection":[{"href":"https:\/\/www.damac.it\/pl\/wp-json\/wp\/v2\/product"}],"about":[{"href":"https:\/\/www.damac.it\/pl\/wp-json\/wp\/v2\/types\/product"}],"wp:featuredmedia":[{"embeddable":true,"href":"https:\/\/www.damac.it\/pl\/wp-json\/wp\/v2\/media\/8739"}],"wp:attachment":[{"href":"https:\/\/www.damac.it\/pl\/wp-json\/wp\/v2\/media?parent=8848"}],"wp:term":[{"taxonomy":"ubicazione_acf","embeddable":true,"href":"https:\/\/www.damac.it\/pl\/wp-json\/wp\/v2\/ubicazione_acf?post=8848"},{"taxonomy":"product_brand","embeddable":true,"href":"https:\/\/www.damac.it\/pl\/wp-json\/wp\/v2\/product_brand?post=8848"},{"taxonomy":"product_cat","embeddable":true,"href":"https:\/\/www.damac.it\/pl\/wp-json\/wp\/v2\/product_cat?post=8848"},{"taxonomy":"product_tag","embeddable":true,"href":"https:\/\/www.damac.it\/pl\/wp-json\/wp\/v2\/false?post=8848"},{"taxonomy":"proprietario","embeddable":true,"href":"https:\/\/www.damac.it\/pl\/wp-json\/wp\/v2\/proprietario?post=8848"}],"curies":[{"name":"wp","href":"https:\/\/api.w.org\/{rel}","templated":true}]}}