{"id":8882,"date":"2025-08-04T15:29:27","date_gmt":"2025-08-04T15:29:27","guid":{"rendered":"https:\/\/www.damac.it\/bez-kategorii\/turchi-300f\/"},"modified":"2026-04-13T10:02:36","modified_gmt":"2026-04-13T10:02:36","slug":"turchi-300f","status":"publish","type":"product","link":"https:\/\/www.damac.it\/pl\/kafary-hydrauliczne\/turchi-300f-rzym\/","title":{"rendered":"TURCHI 300F"},"content":{"rendered":"\n<p><strong><a href=\"https:\/\/www.damac.it\/pl\/palownica-hydrauliczna-turchi-300f\/\">Turchi 300F<\/a><\/strong> to <strong>samojezdny hydrauliczny wbijak do pali<\/strong> zaprojektowany do wbijania lub wkr\u0119cania pali przeznaczonych do instalacji fotowoltaicznych, barier drogowych i konstrukcji naziemnych. Dzi\u0119ki zwartej konstrukcji (d\u0142ugo\u015b\u0107 2,1 m, szeroko\u015b\u0107 2,35 m, wysoko\u015b\u0107 2,67 m z podniesion\u0105 kolumn\u0105) i wadze oko\u0142o 4500 kg zapewnia stabilno\u015b\u0107 i manewrowo\u015b\u0107 nawet na nier\u00f3wnych powierzchniach dzi\u0119ki <strong>g\u0105sienicom gumowym<\/strong>. <\/p>\n\n<p>Maszyna jest wyposa\u017cona w <strong>m\u0142ot Indeco o mocy uderzenia do 1200 d\u017culi<\/strong> i regulowanej cz\u0119stotliwo\u015bci, zasilany przez <strong>uk\u0142ad hydrauliczny w obwodzie otwartym<\/strong> o ci\u015bnieniu roboczym do 180 bar\u00f3w. Kolumna g\u0142\u00f3wna umo\u017cliwia szeroki zakres regulacji: pochylenie przednie od +10\u00b0 do -51\u00b0, pochylenie boczne od +9,5\u00b0 do -9,5\u00b0, przesuni\u0119cie boczne 130+130 mm i skok pionowy do 500 mm, umo\u017cliwiaj\u0105c precyzyjne pozycjonowanie nawet na zboczach. <\/p>\n\n<p>Turchi 300F mo\u017ce by\u0107 wyposa\u017cony w niezawodne silniki, takie jak <strong>4-cylindrowy Yanmar o mocy 34,4 kW<\/strong> lub <strong>3-cylindrowy Hyundai o mocy do 45 kW<\/strong>, zapewniaj\u0105ce wysok\u0105 wydajno\u015b\u0107 i niskie zu\u017cycie paliwa. Maksymalna wysoko\u015b\u0107 zainstalowanych s\u0142up\u00f3w wynosi do <strong>6 metr\u00f3w<\/strong>, a pr\u0119dko\u015b\u0107 jazdy do 3,3 km\/h. <\/p>\n\n<p>Completamente equipaggiato con catena a quattro ganci per il sollevamento e prolunga colonna standard, pu\u00f2 essere personalizzato con <a href=\"https:\/\/www.damac.it\/accessori\/\">accessori<\/a> opzionali come\u00a0<strong>estrattore meccanico, carotatrice idraulica, martello pneumatico D.T.H., sistema di verticalit\u00e0 automatica e GPS<\/strong>, oltre a configurazioni con\u00a0<strong>cingoli in acciaio con pattino in gomma<\/strong>.<\/p>\n\n<p>Dzi\u0119ki po\u0142\u0105czeniu <strong>mocy, wszechstronno\u015bci i dok\u0142adno\u015bci wbijania<\/strong>, Turchi 300F jest idealnym wyborem dla instalator\u00f3w system\u00f3w solarnych, wykonawc\u00f3w rob\u00f3t drogowych i firm potrzebuj\u0105cych profesjonalnego i niezawodnego kafara.<\/p>\n","protected":false},"excerpt":{"rendered":"<p>Samojezdny kafar hydrauliczny Turchi 300F do instalacji fotowoltaicznych, barier ochronnych i konstrukcji palowych. Kompaktowa maszyna o masie 4,5 t z gumowymi g\u0105sienicami, m\u0142otem Indeco o mocy do 1200 d\u017culi i odchylan\u0105 kolumn\u0105 do pracy w skomplikowanym terenie. <\/p>\n","protected":false},"featured_media":7573,"template":"","meta":{"_acf_changed":false},"ubicazione_acf":[],"product_brand":[599],"product_cat":[418],"false":[749],"proprietario":[],"class_list":{"0":"post-8882","1":"product","2":"type-product","3":"status-publish","4":"has-post-thumbnail","6":"product_brand-turchi","7":"product_cat-kafary-hydrauliczne","8":"product_tag-pl","9":"pa_brand-turchi","11":"first","12":"instock","13":"sold-individually","14":"shipping-taxable","15":"product-type-simple"},"acf":[],"_links":{"self":[{"href":"https:\/\/www.damac.it\/pl\/wp-json\/wp\/v2\/product\/8882","targetHints":{"allow":["GET"]}}],"collection":[{"href":"https:\/\/www.damac.it\/pl\/wp-json\/wp\/v2\/product"}],"about":[{"href":"https:\/\/www.damac.it\/pl\/wp-json\/wp\/v2\/types\/product"}],"wp:featuredmedia":[{"embeddable":true,"href":"https:\/\/www.damac.it\/pl\/wp-json\/wp\/v2\/media\/7573"}],"wp:attachment":[{"href":"https:\/\/www.damac.it\/pl\/wp-json\/wp\/v2\/media?parent=8882"}],"wp:term":[{"taxonomy":"ubicazione_acf","embeddable":true,"href":"https:\/\/www.damac.it\/pl\/wp-json\/wp\/v2\/ubicazione_acf?post=8882"},{"taxonomy":"product_brand","embeddable":true,"href":"https:\/\/www.damac.it\/pl\/wp-json\/wp\/v2\/product_brand?post=8882"},{"taxonomy":"product_cat","embeddable":true,"href":"https:\/\/www.damac.it\/pl\/wp-json\/wp\/v2\/product_cat?post=8882"},{"taxonomy":"product_tag","embeddable":true,"href":"https:\/\/www.damac.it\/pl\/wp-json\/wp\/v2\/false?post=8882"},{"taxonomy":"proprietario","embeddable":true,"href":"https:\/\/www.damac.it\/pl\/wp-json\/wp\/v2\/proprietario?post=8882"}],"curies":[{"name":"wp","href":"https:\/\/api.w.org\/{rel}","templated":true}]}}