{"id":9466,"date":"2025-09-19T08:47:08","date_gmt":"2025-09-19T08:47:08","guid":{"rendered":"https:\/\/www.damac.it\/bez-kategorii\/doosan-solar-75v\/"},"modified":"2025-10-31T19:46:44","modified_gmt":"2025-10-31T19:46:44","slug":"doosan-solar-75v","status":"publish","type":"product","link":"https:\/\/www.damac.it\/pl\/koparki-gasienicowe\/doosan-solar-75v-anguillara-sabazia\/","title":{"rendered":"DOOSAN SOLAR 75V"},"content":{"rendered":"\n<p><strong>Koparka g\u0105sienicowa Doosan Solar 75V<\/strong>, rok produkcji <strong>2007<\/strong>, to solidna, precyzyjna i niezawodna maszyna, idealna do prac ziemnych, wyburzeniowych i \u015brednich rob\u00f3t ziemnych.<\/p>\n\n<p>Przy <strong>masie operacyjnej 8000 kg<\/strong> i <strong>5000 godzin pracy<\/strong>, oferuje doskona\u0142\u0105 r\u00f3wnowag\u0119 mi\u0119dzy moc\u0105 i kompaktowo\u015bci\u0105, dzi\u0119ki czemu nadaje si\u0119 zar\u00f3wno do miejskich, jak i przemys\u0142owych plac\u00f3w budowy.<\/p>\n\n<p>Model ten jest wyposa\u017cony w <strong>silnik Yanmar 4TNV98 o mocy 52,1 kW (71 KM)<\/strong>, kt\u00f3ry gwarantuje <strong>wysok\u0105 wydajno\u015b\u0107 i niskie zu\u017cycie paliwa<\/strong>, a <strong>monolityczny wysi\u0119gnik<\/strong> i<strong>system m\u0142ota o du\u017cym zasi\u0119gu<\/strong> zapewniaj\u0105 wszechstronno\u015b\u0107 podczas prac wykopaliskowych i wyburzeniowych.<\/p>\n\n<p>Koparka Doosan Solar 75V jest r\u00f3wnie\u017c wyposa\u017cona w:<\/p>\n\n<ul class=\"wp-block-list\">\n<li><strong>Klimatyzowana, zamkni\u0119ta kabina<\/strong> zapewnia optymalny komfort pracy o ka\u017cdej porze roku.<\/li>\n\n\n\n<li><strong>Podw\u00f3jna pr\u0119dko\u015b\u0107 jazdy<\/strong> zapewnia szybkie poruszanie si\u0119 po terenie.<\/li>\n\n\n\n<li><strong>\u017belazne g\u0105sienice (40%)<\/strong>, idealne do nier\u00f3wnych powierzchni i intensywnej pracy.<\/li>\n\n\n\n<li><strong>Ostrze przednie<\/strong>, idealne do wyr\u00f3wnywania i wyka\u0144czania.<\/li>\n\n\n\n<li><strong>System obrotowy i zawory blokuj\u0105ce<\/strong>, kt\u00f3re zwi\u0119kszaj\u0105 bezpiecze\u0144stwo i precyzj\u0119 ruchu.<\/li>\n\n\n\n<li><strong>W zestawie<\/strong><strong>szybkoz\u0142\u0105cze<\/strong> i <strong>\u0142y\u017cka do kopania<\/strong>.<\/li>\n<\/ul>\n\n<p>Maszyna <strong>z certyfikatem CE<\/strong> <strong>w komplecie z kart\u0105 katalogow\u0105<\/strong>, gotowa do natychmiastowego u\u017cycia.<\/p>\n\n<p>Dost\u0119pne w <strong>DAMAC w Anguillara Sabazia (Rzym)<\/strong>, z mo\u017cliwo\u015bci\u0105 <strong>transportu na terenie ca\u0142ych W\u0142och i eksportu mi\u0119dzynarodowego.<\/strong><\/p>\n\n<p>Doosan Solar 75V to <strong>doskona\u0142y wyb\u00f3r dla firm budowlanych, zajmuj\u0105cych si\u0119 wykopami i robotami drogowymi<\/strong>, kt\u00f3re potrzebuj\u0105 koparki, kt\u00f3ra jest niezawodna i mocna, a jednocze\u015bnie kompaktowa i \u0142atwa w manewrowaniu.<\/p>\n\n<div class=\"wp-block-webfactory-map\"><div class=\"wp-block-webfactory-map\"><iframe title=\"Mapa\" width=\"100%\" height=\"380px\" src=\"https:\/\/www.google.com\/maps\/embed\/v1\/place?q=anguillara%20sabazia&amp;maptype=roadmap&amp;zoom=7&amp;key=AIzaSyCbpj9Ji_jwudUhfVpTXiPB79zpZZSDW8c\" frameborder=\"0\"><\/iframe><\/div><\/div>\n","protected":false},"excerpt":{"rendered":"<p>Koparka g\u0105sienicowa Doosan Solar 75V z 2007 r., masa robocza 8 000 kg i 5 000 godzin pracy.<br \/>\nWyposa\u017cona w system m\u0142ota o du\u017cej wydajno\u015bci, przedni lemiesz, zamkni\u0119t\u0105 kabin\u0119 z klimatyzacj\u0105 i silnik Yanmar o mocy 71 KM.<br \/>\nMaszyna z certyfikatem CE, gotowa do u\u017cycia i dost\u0119pna w Anguillara Sabazia (Rzym).<\/p>\n","protected":false},"featured_media":9332,"template":"","meta":{"_acf_changed":false},"ubicazione_acf":[],"product_brand":[618],"product_cat":[435],"false":[749],"proprietario":[],"class_list":{"0":"post-9466","1":"product","2":"type-product","3":"status-publish","4":"has-post-thumbnail","6":"product_brand-doosan","7":"product_cat-koparki-gasienicowe","8":"product_tag-pl","9":"pa_brand-doosan","11":"first","12":"outofstock","13":"sale","14":"sold-individually","15":"shipping-taxable","16":"purchasable","17":"product-type-simple"},"acf":[],"_links":{"self":[{"href":"https:\/\/www.damac.it\/pl\/wp-json\/wp\/v2\/product\/9466","targetHints":{"allow":["GET"]}}],"collection":[{"href":"https:\/\/www.damac.it\/pl\/wp-json\/wp\/v2\/product"}],"about":[{"href":"https:\/\/www.damac.it\/pl\/wp-json\/wp\/v2\/types\/product"}],"wp:featuredmedia":[{"embeddable":true,"href":"https:\/\/www.damac.it\/pl\/wp-json\/wp\/v2\/media\/9332"}],"wp:attachment":[{"href":"https:\/\/www.damac.it\/pl\/wp-json\/wp\/v2\/media?parent=9466"}],"wp:term":[{"taxonomy":"ubicazione_acf","embeddable":true,"href":"https:\/\/www.damac.it\/pl\/wp-json\/wp\/v2\/ubicazione_acf?post=9466"},{"taxonomy":"product_brand","embeddable":true,"href":"https:\/\/www.damac.it\/pl\/wp-json\/wp\/v2\/product_brand?post=9466"},{"taxonomy":"product_cat","embeddable":true,"href":"https:\/\/www.damac.it\/pl\/wp-json\/wp\/v2\/product_cat?post=9466"},{"taxonomy":"product_tag","embeddable":true,"href":"https:\/\/www.damac.it\/pl\/wp-json\/wp\/v2\/false?post=9466"},{"taxonomy":"proprietario","embeddable":true,"href":"https:\/\/www.damac.it\/pl\/wp-json\/wp\/v2\/proprietario?post=9466"}],"curies":[{"name":"wp","href":"https:\/\/api.w.org\/{rel}","templated":true}]}}