{"id":9621,"date":"2025-09-19T09:38:56","date_gmt":"2025-09-19T09:38:56","guid":{"rendered":"https:\/\/www.damac.it\/bez-kategorii\/cat-308e2cr\/"},"modified":"2025-12-15T12:50:01","modified_gmt":"2025-12-15T12:50:01","slug":"caterpillar-308e2cr-2","status":"publish","type":"product","link":"https:\/\/www.damac.it\/pl\/koparki-gasienicowe\/caterpillar-308e2cr-2-anguillara-sabazia\/","title":{"rendered":"CATERPILLAR 308E2CR"},"content":{"rendered":"\n<p><strong>Koparka g\u0105sienicowa CATERPILLAR 308E2CR<\/strong> z <strong>2020<\/strong> roku jest jednym z najbardziej cenionych rozwi\u0105za\u0144 w sektorze rob\u00f3t ziemnych ze wzgl\u0119du na swoj\u0105 wydajno\u015b\u0107, niezawodno\u015b\u0107 i komfort obs\u0142ugi. Dzi\u0119ki <strong>masie operacyjnej wynosz\u0105cej 8400 kg<\/strong> i <strong>5147 godzinom pracy<\/strong>, maszyna ta \u0142\u0105czy w sobie moc i precyzj\u0119, oferuj\u0105c wysok\u0105 wydajno\u015b\u0107 w ka\u017cdym miejscu pracy. <\/p>\n\n<p>Jest wyposa\u017cona w <strong>silnik Caterpillar C3.3B o mocy 48,5 kW (66 KM)<\/strong> zgodny z norm\u0105 Stage V, kt\u00f3ry zapewnia niskie zu\u017cycie paliwa i p\u0142ynne dostarczanie mocy nawet w najtrudniejszych warunkach pracy. <strong>Zamkni\u0119ta, klimatyzowana kab<\/strong> ina zapewnia komfortowe i ciche \u015brodowisko, idealne na d\u0142ugie dni pracy. <\/p>\n\n<p>Koparka jest wyposa\u017cona w <strong>wysokowydajny system m\u0142ota<\/strong>, <strong>system obrotu<\/strong>, <strong>zawory blokuj\u0105ce<\/strong> i <strong>przedni lemiesz<\/strong>, dzi\u0119ki czemu jest niezwykle wszechstronna do kopania, wyburzania i przenoszenia materia\u0142\u00f3w. <strong>G\u0105sienice<\/strong> wykonane w 70% ze zu\u017cywaj\u0105cego si\u0119 <strong>\u017celaza<\/strong> zapewniaj\u0105 stabilno\u015b\u0107 i przyczepno\u015b\u0107 nawet na nier\u00f3wnym pod\u0142o\u017cu, a <strong>podw\u00f3jna pr\u0119dko\u015b\u0107 jazdy<\/strong> umo\u017cliwia szybkie i wydajne poruszanie si\u0119 po placu budowy. <\/p>\n\n<p>Dzi\u0119ki konstrukcji <strong>Compact Radius (CR)<\/strong>, CATERPILLAR 308E2 CR oferuje mo\u017cliwo\u015b\u0107 pracy nawet w ciasnych przestrzeniach, zachowuj\u0105c przy tym ca\u0142\u0105 moc i wydajno\u015b\u0107 kopania typow\u0105 dla modeli najwy\u017cszej klasy.<\/p>\n\n<p>Maszyna posiada <strong>certyfikat CE<\/strong>, jest wyposa\u017cona w <strong>kart\u0119 techniczn\u0105<\/strong> i <strong>\u0142y\u017ck\u0119<\/strong> koparkow\u0105 oraz jest gotowa do natychmiastowego u\u017cycia. Dost\u0119pna w siedzibie g\u0142\u00f3wnej <strong>DAMAC w Anguillara Sabazia (Rzym)<\/strong>, jest idealnym wyborem dla firm budowlanych i profesjonalnych operator\u00f3w poszukuj\u0105cych nowoczesnej, wydajnej i niezawodnej koparki. <\/p>\n\n<div class=\"wp-block-webfactory-map\"><div class=\"wp-block-webfactory-map\"><iframe title=\"Mapa\" width=\"100%\" height=\"380px\" src=\"https:\/\/www.google.com\/maps\/embed\/v1\/place?q=anguillara%20sabazia&amp;maptype=roadmap&amp;zoom=7&amp;key=AIzaSyCbpj9Ji_jwudUhfVpTXiPB79zpZZSDW8c\" frameborder=\"0\"><\/iframe><\/div><\/div>\n","protected":false},"excerpt":{"rendered":"<p>Koparka g\u0105sienicowa CATERPILLAR 308E2 CR z 2020 roku, z 5 147 godzinami pracy i mas\u0105 robocz\u0105 8 400 kg. Wyposa\u017cona w system m\u0142ota o du\u017cej wydajno\u015bci, przedni lemiesz, zamkni\u0119t\u0105 kabin\u0119 z klimatyzacj\u0105 i silnik Caterpillar C3.3B o mocy 66 KM. Maszyna z certyfikatem CE, w doskona\u0142ym stanie i dost\u0119pna w DAMAC w Anguillara Sabazia (Rzym).  <\/p>\n","protected":false},"featured_media":9538,"template":"","meta":{"_acf_changed":false},"ubicazione_acf":[],"product_brand":[856],"product_cat":[435],"false":[749],"proprietario":[],"class_list":{"0":"post-9621","1":"product","2":"type-product","3":"status-publish","4":"has-post-thumbnail","6":"product_brand-caterpillar","7":"product_cat-koparki-gasienicowe","8":"product_tag-pl","9":"pa_brand-caterpillar","11":"first","12":"outofstock","13":"sold-individually","14":"shipping-taxable","15":"purchasable","16":"product-type-simple"},"acf":[],"_links":{"self":[{"href":"https:\/\/www.damac.it\/pl\/wp-json\/wp\/v2\/product\/9621","targetHints":{"allow":["GET"]}}],"collection":[{"href":"https:\/\/www.damac.it\/pl\/wp-json\/wp\/v2\/product"}],"about":[{"href":"https:\/\/www.damac.it\/pl\/wp-json\/wp\/v2\/types\/product"}],"wp:featuredmedia":[{"embeddable":true,"href":"https:\/\/www.damac.it\/pl\/wp-json\/wp\/v2\/media\/9538"}],"wp:attachment":[{"href":"https:\/\/www.damac.it\/pl\/wp-json\/wp\/v2\/media?parent=9621"}],"wp:term":[{"taxonomy":"ubicazione_acf","embeddable":true,"href":"https:\/\/www.damac.it\/pl\/wp-json\/wp\/v2\/ubicazione_acf?post=9621"},{"taxonomy":"product_brand","embeddable":true,"href":"https:\/\/www.damac.it\/pl\/wp-json\/wp\/v2\/product_brand?post=9621"},{"taxonomy":"product_cat","embeddable":true,"href":"https:\/\/www.damac.it\/pl\/wp-json\/wp\/v2\/product_cat?post=9621"},{"taxonomy":"product_tag","embeddable":true,"href":"https:\/\/www.damac.it\/pl\/wp-json\/wp\/v2\/false?post=9621"},{"taxonomy":"proprietario","embeddable":true,"href":"https:\/\/www.damac.it\/pl\/wp-json\/wp\/v2\/proprietario?post=9621"}],"curies":[{"name":"wp","href":"https:\/\/api.w.org\/{rel}","templated":true}]}}