{"id":9750,"date":"2025-09-22T09:53:14","date_gmt":"2025-09-22T09:53:14","guid":{"rendered":"https:\/\/www.damac.it\/bez-kategorii\/venieri-vf-7-33\/"},"modified":"2025-11-28T08:23:54","modified_gmt":"2025-11-28T08:23:54","slug":"venieri-vf-7-33","status":"publish","type":"product","link":"https:\/\/www.damac.it\/pl\/koparko-ladowarki\/venieri-vf-7-33-anguillara-sabazia-rzym\/","title":{"rendered":"VENIERI VF 7.33"},"content":{"rendered":"\n<p>Maszyna <strong>Venieri VF 7.33<\/strong> to <strong>u\u017cywana koparka sztywna<\/strong> idealna do prac budowlanych, drogowych i ziemnych. Ta maszyna z 2005 roku jest w dobrym og\u00f3lnym stanie i ma na liczniku <strong>8762 godzin pracy<\/strong>. <\/p>\n\n<p>Z <strong>mas\u0105 robocz\u0105 6890 kg<\/strong> i kompaktowymi wymiarami (5900 \u00d7 2400 \u00d7 2800 mm), zapewnia stabilno\u015b\u0107 i wszechstronno\u015b\u0107 w r\u00f3\u017cnych zastosowaniach. <strong>Silnik Perkins o mocy 81 KM<\/strong> gwarantuje moc i niezawodno\u015b\u0107, podczas gdy <strong>nap\u0119d na cztery ko\u0142a 4&#215;4<\/strong> pozwala bez problemu pokonywa\u0107 nawet trudne lub b\u0142otniste tereny. <\/p>\n\n<p>Kabina jest <strong>otwarta<\/strong>, bez klimatyzacji, zaprojektowana z my\u015bl\u0105 o pracach, gdzie praktyczno\u015b\u0107 i natychmiastowy dost\u0119p s\u0105 kluczowe.<\/p>\n\n<p><strong>Do\u0142\u0105czone akcesoria:<\/strong><\/p>\n\n<ul class=\"wp-block-list\">\n<li>\u0141y\u017cka \u0142adowarkowa przednia<\/li>\n\n\n\n<li>\u0141y\u017cka koparki z\u0119bata do kopania<\/li>\n\n\n\n<li>\u0141y\u017cka koparki do czyszczenia row\u00f3w<\/li>\n<\/ul>\n\n<p>Maszyna jest <strong>zarejestrowana<\/strong> i posiada <strong>dow\u00f3d rejestracyjny<\/strong>, wi\u0119c jest gotowa do u\u017cycia zgodnie z przepisami. Nale\u017cy zwr\u00f3ci\u0107 uwag\u0119 na <strong>spawanie na ramieniu<\/strong>, wyra\u017anie widoczne na zdj\u0119ciach, kt\u00f3re nie wp\u0142ywa na og\u00f3lne funkcjonowanie. <\/p>\n\n<p>Ta <strong>u\u017cywana Venieri VF 7.33<\/strong> to ekonomiczne rozwi\u0105zanie dla tych, kt\u00f3rzy szukaj\u0105 niezawodnej, wytrzyma\u0142ej koparki o doskona\u0142ym stosunku jako\u015bci do ceny.<\/p>\n","protected":false},"excerpt":{"rendered":"<p class=\"p1\">U\u017cywana sztywna \u0142adowarka Venieri VF 7.33 z 2005 roku, 8762 godzin pracy, masa robocza 6890 kg. Silnik Perkins o mocy 81 KM, nap\u0119d na cztery ko\u0142a 4&#215;4, otwarta kabina. Wyposa\u017cona w \u0142y\u017ck\u0119 \u0142adowarkow\u0105, \u0142y\u017ck\u0119 koparki do kopania i \u0142y\u017ck\u0119 do czyszczenia row\u00f3w. Maszyna zarejestrowana z dowodem rejestracyjnym. Widoczne spawanie na ramieniu (widoczne na zdj\u0119ciu).    <\/p>\n","protected":false},"featured_media":9646,"template":"","meta":{"_acf_changed":false},"ubicazione_acf":[],"product_brand":[623],"product_cat":[407],"false":[749],"proprietario":[],"class_list":{"0":"post-9750","1":"product","2":"type-product","3":"status-publish","4":"has-post-thumbnail","6":"product_brand-venieri","7":"product_cat-koparko-ladowarki","8":"product_tag-pl","9":"pa_brand-venieri","11":"first","12":"outofstock","13":"sold-individually","14":"shipping-taxable","15":"purchasable","16":"product-type-simple"},"acf":[],"_links":{"self":[{"href":"https:\/\/www.damac.it\/pl\/wp-json\/wp\/v2\/product\/9750","targetHints":{"allow":["GET"]}}],"collection":[{"href":"https:\/\/www.damac.it\/pl\/wp-json\/wp\/v2\/product"}],"about":[{"href":"https:\/\/www.damac.it\/pl\/wp-json\/wp\/v2\/types\/product"}],"wp:featuredmedia":[{"embeddable":true,"href":"https:\/\/www.damac.it\/pl\/wp-json\/wp\/v2\/media\/9646"}],"wp:attachment":[{"href":"https:\/\/www.damac.it\/pl\/wp-json\/wp\/v2\/media?parent=9750"}],"wp:term":[{"taxonomy":"ubicazione_acf","embeddable":true,"href":"https:\/\/www.damac.it\/pl\/wp-json\/wp\/v2\/ubicazione_acf?post=9750"},{"taxonomy":"product_brand","embeddable":true,"href":"https:\/\/www.damac.it\/pl\/wp-json\/wp\/v2\/product_brand?post=9750"},{"taxonomy":"product_cat","embeddable":true,"href":"https:\/\/www.damac.it\/pl\/wp-json\/wp\/v2\/product_cat?post=9750"},{"taxonomy":"product_tag","embeddable":true,"href":"https:\/\/www.damac.it\/pl\/wp-json\/wp\/v2\/false?post=9750"},{"taxonomy":"proprietario","embeddable":true,"href":"https:\/\/www.damac.it\/pl\/wp-json\/wp\/v2\/proprietario?post=9750"}],"curies":[{"name":"wp","href":"https:\/\/api.w.org\/{rel}","templated":true}]}}