{"id":9897,"date":"2025-09-22T13:49:36","date_gmt":"2025-09-22T13:49:36","guid":{"rendered":"https:\/\/www.damac.it\/bez-kategorii\/komatsu-pc26mr-3\/"},"modified":"2026-04-30T13:57:28","modified_gmt":"2026-04-30T13:57:28","slug":"komatsu-pc26mr-3","status":"publish","type":"product","link":"https:\/\/www.damac.it\/pl\/minikoparki\/komatsu-pc26mr-3-anguillara-sabazia-rzym\/","title":{"rendered":"KOMATSU PC26MR-3"},"content":{"rendered":"\n<p>Il\u00a0<strong>Komatsu PC26MR-3\u00a0del 2014<\/strong>\u00a0\u00e8 un <a href=\"https:\/\/www.damac.it\/miniescavatori\/\">miniescavatore<\/a> compatto e affidabile, progettato per garantire\u00a0<strong>massima efficienza e maneggevolezza<\/strong>\u00a0anche nei contesti di lavoro pi\u00f9 ristretti. Con un peso operativo di\u00a0<strong>2.710 kg<\/strong>\u00a0e\u00a0<strong>3.725 ore di lavoro<\/strong>, rappresenta una soluzione ideale per imprese edili e operatori che cercano un mezzo versatile e subito operativo.<\/p>\n\n<p>Dzi\u0119ki systemowi <strong>obrotu zerowego<\/strong> umo\u017cliwia prac\u0119 w pe\u0142nym bezpiecze\u0144stwie bez bocznych gabaryt\u00f3w, co czyni j\u0105 idealn\u0105 do plac\u00f3w budowy w miastach, wykop\u00f3w w ograniczonych przestrzeniach i prac konserwacyjnych. <strong>Monolityczne rami\u0119<\/strong> zapewnia stabilno\u015b\u0107 podczas operacji, natomiast <strong>lemiesz przedni<\/strong> zwi\u0119ksza precyzj\u0119 i bezpiecze\u0144stwo podczas kopania i niwelowania. <\/p>\n\n<p>Dotato di\u00a0<strong>impianto martello idraulico<\/strong>\u00a0e completo di\u00a0<strong>due <a href=\"https:\/\/www.damac.it\/accessori\/\">benne<\/a> da scavo (650 mm e 200 mm)<\/strong>, questo miniescavatore offre grande versatilit\u00e0 operativa, permettendo di affrontare sia lavori di scavo che interventi di demolizione leggera. I\u00a0<strong>cingoli in gomma<\/strong>\u00a0garantiscono buona aderenza e protezione delle superfici, anche se al 40% di usura.<\/p>\n\n<p>Dost\u0119pna w Anguillara Sabazia (Rzym) i certyfikowana CE, Komatsu PC26MR-3 to konkretny wyb\u00f3r dla tych, kt\u00f3rzy szukaj\u0105 kompaktowej, niezawodnej koparki gotowej do pracy.<\/p>\n\n<div class=\"wp-block-webfactory-map\"><div class=\"wp-block-webfactory-map\"><iframe title=\"Mapa\" width=\"100%\" height=\"380px\" src=\"https:\/\/www.google.com\/maps\/embed\/v1\/place?q=anguillara%20sabazia&amp;maptype=roadmap&amp;zoom=7&amp;key=AIzaSyCbpj9Ji_jwudUhfVpTXiPB79zpZZSDW8c\" frameborder=\"0\"><\/iframe><\/div><\/div>\n","protected":false},"excerpt":{"rendered":"<p class=\"p1\">Minikoparka Komatsu PC26MR-3 z 2014 roku, 2.710 kg, 3.725 godzin pracy, w dobrym stanie. Otwarta kabina, obrotowa nadbudowa, lemiesz, instalacja m\u0142ota, g\u0105sienice gumowe (40%). W komplecie 2 \u0142y\u017cki. Gotowa do pracy, dost\u0119pna w Anguillara Sabazia (Rzym).   <\/p>\n","protected":false},"featured_media":9794,"template":"","meta":{"_acf_changed":false},"ubicazione_acf":[],"product_brand":[611],"product_cat":[413],"false":[749],"proprietario":[],"class_list":{"0":"post-9897","1":"product","2":"type-product","3":"status-publish","4":"has-post-thumbnail","6":"product_brand-komatsu","7":"product_cat-minikoparki","8":"product_tag-pl","9":"pa_brand-komatsu","11":"first","12":"instock","13":"sale","14":"sold-individually","15":"shipping-taxable","16":"purchasable","17":"product-type-simple"},"acf":[],"_links":{"self":[{"href":"https:\/\/www.damac.it\/pl\/wp-json\/wp\/v2\/product\/9897","targetHints":{"allow":["GET"]}}],"collection":[{"href":"https:\/\/www.damac.it\/pl\/wp-json\/wp\/v2\/product"}],"about":[{"href":"https:\/\/www.damac.it\/pl\/wp-json\/wp\/v2\/types\/product"}],"wp:featuredmedia":[{"embeddable":true,"href":"https:\/\/www.damac.it\/pl\/wp-json\/wp\/v2\/media\/9794"}],"wp:attachment":[{"href":"https:\/\/www.damac.it\/pl\/wp-json\/wp\/v2\/media?parent=9897"}],"wp:term":[{"taxonomy":"ubicazione_acf","embeddable":true,"href":"https:\/\/www.damac.it\/pl\/wp-json\/wp\/v2\/ubicazione_acf?post=9897"},{"taxonomy":"product_brand","embeddable":true,"href":"https:\/\/www.damac.it\/pl\/wp-json\/wp\/v2\/product_brand?post=9897"},{"taxonomy":"product_cat","embeddable":true,"href":"https:\/\/www.damac.it\/pl\/wp-json\/wp\/v2\/product_cat?post=9897"},{"taxonomy":"product_tag","embeddable":true,"href":"https:\/\/www.damac.it\/pl\/wp-json\/wp\/v2\/false?post=9897"},{"taxonomy":"proprietario","embeddable":true,"href":"https:\/\/www.damac.it\/pl\/wp-json\/wp\/v2\/proprietario?post=9897"}],"curies":[{"name":"wp","href":"https:\/\/api.w.org\/{rel}","templated":true}]}}